{"id":7393,"date":"2026-03-19T20:16:23","date_gmt":"2026-03-19T20:16:23","guid":{"rendered":"https:\/\/mydocvita.lu\/booster\/"},"modified":"2026-03-30T20:09:28","modified_gmt":"2026-03-30T20:09:28","slug":"booster","status":"publish","type":"page","link":"https:\/\/mydocvita.lu\/fr\/booster\/","title":{"rendered":"Booster"},"content":{"rendered":"\t\t<div data-elementor-type=\"wp-page\" data-elementor-id=\"7393\" class=\"elementor elementor-7393 elementor-7369\" data-elementor-post-type=\"page\">\n\t\t\t\t\t\t<section class=\"elementor-section elementor-top-section elementor-element elementor-element-7c540bf3 elementor-section-full_width elementor-section-height-min-height elementor-section-stretched elementor-section-height-default elementor-section-items-middle\" data-id=\"7c540bf3\" data-element_type=\"section\" data-e-type=\"section\" data-settings=\"{&quot;stretch_section&quot;:&quot;section-stretched&quot;,&quot;background_background&quot;:&quot;classic&quot;}\">\n\t\t\t\t\t\t\t<div class=\"elementor-background-overlay\"><\/div>\n\t\t\t\t\t\t\t<div class=\"elementor-container elementor-column-gap-default\">\n\t\t\t\t\t<div class=\"elementor-column elementor-col-100 elementor-top-column elementor-element elementor-element-1066d3ae\" data-id=\"1066d3ae\" data-element_type=\"column\" data-e-type=\"column\">\n\t\t\t<div class=\"elementor-widget-wrap elementor-element-populated\">\n\t\t\t\t\t\t<div class=\"elementor-element elementor-element-7df141d4 elementor-widget elementor-widget-image\" data-id=\"7df141d4\" data-element_type=\"widget\" data-e-type=\"widget\" data-widget_type=\"image.default\">\n\t\t\t\t<div class=\"elementor-widget-container\">\n\t\t\t\t\t\t\t\t\t\t\t\t\t\t\t\t<a href=\"https:\/\/mydocvita.com\/home\/product\/DPU1020\" target=\"_blank\">\n\t\t\t\t\t\t\t<img fetchpriority=\"high\" decoding=\"async\" width=\"1280\" height=\"600\" src=\"https:\/\/mydocvita.lu\/wp-content\/uploads\/2026\/03\/Booster-jetzt-neu-im-Shop.jpg\" class=\"attachment-full size-full wp-image-7384\" alt=\"\" srcset=\"https:\/\/mydocvita.lu\/wp-content\/uploads\/2026\/03\/Booster-jetzt-neu-im-Shop.jpg 1280w, https:\/\/mydocvita.lu\/wp-content\/uploads\/2026\/03\/Booster-jetzt-neu-im-Shop-300x141.jpg 300w, https:\/\/mydocvita.lu\/wp-content\/uploads\/2026\/03\/Booster-jetzt-neu-im-Shop-1024x480.jpg 1024w, https:\/\/mydocvita.lu\/wp-content\/uploads\/2026\/03\/Booster-jetzt-neu-im-Shop-768x360.jpg 768w\" sizes=\"(max-width: 1280px) 100vw, 1280px\" \/>\t\t\t\t\t\t\t\t<\/a>\n\t\t\t\t\t\t\t\t\t\t\t\t\t\t\t<\/div>\n\t\t\t\t<\/div>\n\t\t\t\t\t<\/div>\n\t\t<\/div>\n\t\t\t\t\t<\/div>\n\t\t<\/section>\n\t\t\t\t<section class=\"elementor-section elementor-top-section elementor-element elementor-element-6e2c8703 elementor-section-content-middle elementor-section-boxed elementor-section-height-default elementor-section-height-default\" data-id=\"6e2c8703\" data-element_type=\"section\" data-e-type=\"section\" data-settings=\"{&quot;background_background&quot;:&quot;classic&quot;}\">\n\t\t\t\t\t\t<div class=\"elementor-container elementor-column-gap-default\">\n\t\t\t\t\t<div class=\"elementor-column elementor-col-50 elementor-top-column elementor-element elementor-element-56b08452\" data-id=\"56b08452\" data-element_type=\"column\" data-e-type=\"column\">\n\t\t\t<div class=\"elementor-widget-wrap elementor-element-populated\">\n\t\t\t\t\t\t<div class=\"elementor-element elementor-element-55670685 elementor-widget elementor-widget-spacer\" data-id=\"55670685\" data-element_type=\"widget\" data-e-type=\"widget\" data-widget_type=\"spacer.default\">\n\t\t\t\t<div class=\"elementor-widget-container\">\n\t\t\t\t\t\t\t<div class=\"elementor-spacer\">\n\t\t\t<div class=\"elementor-spacer-inner\"><\/div>\n\t\t<\/div>\n\t\t\t\t\t\t<\/div>\n\t\t\t\t<\/div>\n\t\t\t\t<div class=\"elementor-element elementor-element-6c90dbb4 elementor-widget elementor-widget-image\" data-id=\"6c90dbb4\" data-element_type=\"widget\" data-e-type=\"widget\" loading=\"lazy\" data-widget_type=\"image.default\">\n\t\t\t\t<div class=\"elementor-widget-container\">\n\t\t\t\t\t\t\t\t\t\t\t\t\t\t\t<img decoding=\"async\" src=\"https:\/\/mydocvita.lu\/wp-content\/uploads\/elementor\/thumbs\/A7303270_bb-scaled-1-rkr5br3y9c0zd153bxqfl38gskfgjnuymb31e5f2fc.jpg\" title=\"A7303270_bb-scaled-1.jpg\" alt=\"A7303270_bb-scaled-1.jpg\" loading=\"lazy\" \/>\t\t\t\t\t\t\t\t\t\t\t\t\t\t\t<\/div>\n\t\t\t\t<\/div>\n\t\t\t\t<div class=\"elementor-element elementor-element-feed1fc elementor-widget elementor-widget-text-editor\" data-id=\"feed1fc\" data-element_type=\"widget\" data-e-type=\"widget\" data-widget_type=\"text-editor.default\">\n\t\t\t\t<div class=\"elementor-widget-container\">\n\t\t\t\t\t\t\t\t\t<p><strong><span style=\"color: #000000;\">Amadou<br>ORGANIC FUNGUS<\/span><\/strong><br><strong><span style=\"color: #000000;\">PLUS VITAMINE C EN<\/span><\/strong><br><strong><span style=\"color: #000000;\">CAPSULES V\u00c9GANES<\/span><\/strong><br><strong><span style=\"color: #000000;\">*pour une prise quotidienne<\/span><\/strong><br><strong><span style=\"color: #000000;\">*pour ta fra\u00eecheur estivale<\/span><\/strong><br><strong><span style=\"color: #000000;\">de lint\u00e9rieur<\/span><\/strong><\/p>\t\t\t\t\t\t\t\t<\/div>\n\t\t\t\t<\/div>\n\t\t\t\t<div class=\"elementor-element elementor-element-47466501 elementor-align-center elementor-widget elementor-widget-button\" data-id=\"47466501\" data-element_type=\"widget\" data-e-type=\"widget\" data-widget_type=\"button.default\">\n\t\t\t\t<div class=\"elementor-widget-container\">\n\t\t\t\t\t\t\t\t\t<div class=\"elementor-button-wrapper\">\n\t\t\t\t\t<a class=\"elementor-button elementor-button-link elementor-size-sm\" href=\"https:\/\/mydocvita.com\/home\/product\/DPU1020\">\n\t\t\t\t\t\t<span class=\"elementor-button-content-wrapper\">\n\t\t\t\t\t\t\t\t\t<span class=\"elementor-button-text\">VERS LA BOUTIQUE<\/span>\n\t\t\t\t\t<\/span>\n\t\t\t\t\t<\/a>\n\t\t\t\t<\/div>\n\t\t\t\t\t\t\t\t<\/div>\n\t\t\t\t<\/div>\n\t\t\t\t\t<\/div>\n\t\t<\/div>\n\t\t\t\t<div class=\"elementor-column elementor-col-50 elementor-top-column elementor-element elementor-element-59c830be\" data-id=\"59c830be\" data-element_type=\"column\" data-e-type=\"column\">\n\t\t\t<div class=\"elementor-widget-wrap elementor-element-populated\">\n\t\t\t\t\t\t<div class=\"elementor-element elementor-element-2356d31b elementor-widget elementor-widget-image\" data-id=\"2356d31b\" data-element_type=\"widget\" data-e-type=\"widget\" data-widget_type=\"image.default\">\n\t\t\t\t<div class=\"elementor-widget-container\">\n\t\t\t\t\t\t\t\t\t\t\t\t\t\t\t<img decoding=\"async\" width=\"300\" height=\"300\" src=\"https:\/\/mydocvita.lu\/wp-content\/uploads\/2026\/03\/booster_Startseite_Kreis-300x300.png\" class=\"attachment-medium size-medium wp-image-7386\" alt=\"\" srcset=\"https:\/\/mydocvita.lu\/wp-content\/uploads\/2026\/03\/booster_Startseite_Kreis-300x300.png 300w, https:\/\/mydocvita.lu\/wp-content\/uploads\/2026\/03\/booster_Startseite_Kreis-1024x1024.png 1024w, https:\/\/mydocvita.lu\/wp-content\/uploads\/2026\/03\/booster_Startseite_Kreis-150x150.png 150w, https:\/\/mydocvita.lu\/wp-content\/uploads\/2026\/03\/booster_Startseite_Kreis-768x768.png 768w, https:\/\/mydocvita.lu\/wp-content\/uploads\/2026\/03\/booster_Startseite_Kreis-1536x1536.png 1536w, https:\/\/mydocvita.lu\/wp-content\/uploads\/2026\/03\/booster_Startseite_Kreis.png 1667w\" sizes=\"(max-width: 300px) 100vw, 300px\" \/>\t\t\t\t\t\t\t\t\t\t\t\t\t\t\t<\/div>\n\t\t\t\t<\/div>\n\t\t\t\t<div class=\"elementor-element elementor-element-38e94abe elementor-widget elementor-widget-image\" data-id=\"38e94abe\" data-element_type=\"widget\" data-e-type=\"widget\" data-widget_type=\"image.default\">\n\t\t\t\t<div class=\"elementor-widget-container\">\n\t\t\t\t\t\t\t\t\t\t\t\t\t\t\t<img decoding=\"async\" width=\"790\" height=\"1024\" src=\"https:\/\/mydocvita.lu\/wp-content\/uploads\/2026\/03\/DocVita-booster-790x1024.jpg\" class=\"attachment-large size-large wp-image-7387\" alt=\"\" srcset=\"https:\/\/mydocvita.lu\/wp-content\/uploads\/2026\/03\/DocVita-booster-790x1024.jpg 790w, https:\/\/mydocvita.lu\/wp-content\/uploads\/2026\/03\/DocVita-booster-231x300.jpg 231w, https:\/\/mydocvita.lu\/wp-content\/uploads\/2026\/03\/DocVita-booster-768x996.jpg 768w, https:\/\/mydocvita.lu\/wp-content\/uploads\/2026\/03\/DocVita-booster-1185x1536.jpg 1185w, https:\/\/mydocvita.lu\/wp-content\/uploads\/2026\/03\/DocVita-booster.jpg 1464w\" sizes=\"(max-width: 790px) 100vw, 790px\" \/>\t\t\t\t\t\t\t\t\t\t\t\t\t\t\t<\/div>\n\t\t\t\t<\/div>\n\t\t\t\t<div class=\"elementor-element elementor-element-3d721f05 elementor-widget elementor-widget-spacer\" data-id=\"3d721f05\" data-element_type=\"widget\" data-e-type=\"widget\" data-widget_type=\"spacer.default\">\n\t\t\t\t<div class=\"elementor-widget-container\">\n\t\t\t\t\t\t\t<div class=\"elementor-spacer\">\n\t\t\t<div class=\"elementor-spacer-inner\"><\/div>\n\t\t<\/div>\n\t\t\t\t\t\t<\/div>\n\t\t\t\t<\/div>\n\t\t\t\t<div class=\"elementor-element elementor-element-37bdb962 elementor-widget elementor-widget-text-editor\" data-id=\"37bdb962\" data-element_type=\"widget\" data-e-type=\"widget\" data-widget_type=\"text-editor.default\">\n\t\t\t\t<div class=\"elementor-widget-container\">\n\t\t\t\t\t\t\t\t\t<p><strong><span style=\"color: #000000;\">Merveilleusement belle gr\u00e2ce \u00e0 la force concentr\u00e9e<\/span><\/strong><br><strong><span style=\"color: #000000;\">de l\u2019extrait d\u2019amadou<\/span><\/strong><br><strong><span style=\"color: #000000;\">et de vitamine C.<\/span><\/strong><\/p>\t\t\t\t\t\t\t\t<\/div>\n\t\t\t\t<\/div>\n\t\t\t\t\t<\/div>\n\t\t<\/div>\n\t\t\t\t\t<\/div>\n\t\t<\/section>\n\t\t\t\t<section class=\"elementor-section elementor-top-section elementor-element elementor-element-548ec75d elementor-section-content-middle elementor-section-full_width elementor-section-stretched elementor-section-height-default elementor-section-height-default\" data-id=\"548ec75d\" data-element_type=\"section\" data-e-type=\"section\" data-settings=\"{&quot;background_background&quot;:&quot;classic&quot;,&quot;stretch_section&quot;:&quot;section-stretched&quot;}\">\n\t\t\t\t\t\t<div class=\"elementor-container elementor-column-gap-no\">\n\t\t\t\t\t<div class=\"elementor-column elementor-col-100 elementor-top-column elementor-element elementor-element-25fd5a27\" data-id=\"25fd5a27\" data-element_type=\"column\" data-e-type=\"column\">\n\t\t\t<div class=\"elementor-widget-wrap elementor-element-populated\">\n\t\t\t\t\t\t<div class=\"elementor-element elementor-element-31999c89 elementor-widget elementor-widget-image\" data-id=\"31999c89\" data-element_type=\"widget\" data-e-type=\"widget\" data-widget_type=\"image.default\">\n\t\t\t\t<div class=\"elementor-widget-container\">\n\t\t\t\t\t\t\t\t\t\t\t\t\t\t\t<img loading=\"lazy\" decoding=\"async\" width=\"1920\" height=\"550\" src=\"https:\/\/mydocvita.lu\/wp-content\/uploads\/2026\/03\/Booster-Slider-neu.jpg\" class=\"attachment-full size-full wp-image-7388\" alt=\"\" srcset=\"https:\/\/mydocvita.lu\/wp-content\/uploads\/2026\/03\/Booster-Slider-neu.jpg 1920w, https:\/\/mydocvita.lu\/wp-content\/uploads\/2026\/03\/Booster-Slider-neu-300x86.jpg 300w, https:\/\/mydocvita.lu\/wp-content\/uploads\/2026\/03\/Booster-Slider-neu-1024x293.jpg 1024w, https:\/\/mydocvita.lu\/wp-content\/uploads\/2026\/03\/Booster-Slider-neu-768x220.jpg 768w, https:\/\/mydocvita.lu\/wp-content\/uploads\/2026\/03\/Booster-Slider-neu-1536x440.jpg 1536w\" sizes=\"(max-width: 1920px) 100vw, 1920px\" \/>\t\t\t\t\t\t\t\t\t\t\t\t\t\t\t<\/div>\n\t\t\t\t<\/div>\n\t\t\t\t\t<\/div>\n\t\t<\/div>\n\t\t\t\t\t<\/div>\n\t\t<\/section>\n\t\t\t\t<section class=\"elementor-section elementor-top-section elementor-element elementor-element-147ee6b elementor-section-content-middle elementor-section-full_width elementor-section-stretched elementor-section-height-default elementor-section-height-default\" data-id=\"147ee6b\" data-element_type=\"section\" data-e-type=\"section\" data-settings=\"{&quot;background_background&quot;:&quot;classic&quot;,&quot;stretch_section&quot;:&quot;section-stretched&quot;}\">\n\t\t\t\t\t\t<div class=\"elementor-container elementor-column-gap-default\">\n\t\t\t\t\t<div class=\"elementor-column elementor-col-100 elementor-top-column elementor-element elementor-element-550be4de\" data-id=\"550be4de\" data-element_type=\"column\" data-e-type=\"column\">\n\t\t\t<div class=\"elementor-widget-wrap elementor-element-populated\">\n\t\t\t\t\t\t<div class=\"elementor-element elementor-element-46d10087 elementor-widget elementor-widget-spacer\" data-id=\"46d10087\" data-element_type=\"widget\" data-e-type=\"widget\" data-widget_type=\"spacer.default\">\n\t\t\t\t<div class=\"elementor-widget-container\">\n\t\t\t\t\t\t\t<div class=\"elementor-spacer\">\n\t\t\t<div class=\"elementor-spacer-inner\"><\/div>\n\t\t<\/div>\n\t\t\t\t\t\t<\/div>\n\t\t\t\t<\/div>\n\t\t\t\t<section class=\"elementor-section elementor-inner-section elementor-element elementor-element-e07c165 elementor-section-boxed elementor-section-height-default elementor-section-height-default\" data-id=\"e07c165\" data-element_type=\"section\" data-e-type=\"section\">\n\t\t\t\t\t\t<div class=\"elementor-container elementor-column-gap-default\">\n\t\t\t\t\t<div class=\"elementor-column elementor-col-50 elementor-inner-column elementor-element elementor-element-5f0573fe\" data-id=\"5f0573fe\" data-element_type=\"column\" data-e-type=\"column\">\n\t\t\t<div class=\"elementor-widget-wrap elementor-element-populated\">\n\t\t\t\t\t\t<div class=\"elementor-element elementor-element-7b6e29db elementor-widget elementor-widget-image\" data-id=\"7b6e29db\" data-element_type=\"widget\" data-e-type=\"widget\" data-widget_type=\"image.default\">\n\t\t\t\t<div class=\"elementor-widget-container\">\n\t\t\t\t\t\t\t\t\t\t\t\t\t\t\t<img decoding=\"async\" src=\"https:\/\/mydocvita.lu\/wp-content\/uploads\/elementor\/thumbs\/A7303204-rkr5bwr009n7bznwshy0bn5f2gzkso2svq1gczosxc.jpg\" title=\"A7303204.jpg\" alt=\"A7303204.jpg\" loading=\"lazy\" \/>\t\t\t\t\t\t\t\t\t\t\t\t\t\t\t<\/div>\n\t\t\t\t<\/div>\n\t\t\t\t\t<\/div>\n\t\t<\/div>\n\t\t\t\t<div class=\"elementor-column elementor-col-50 elementor-inner-column elementor-element elementor-element-47b66ae4\" data-id=\"47b66ae4\" data-element_type=\"column\" data-e-type=\"column\">\n\t\t\t<div class=\"elementor-widget-wrap elementor-element-populated\">\n\t\t\t\t\t\t<div class=\"elementor-element elementor-element-4bb9aa2b elementor-widget elementor-widget-text-editor\" data-id=\"4bb9aa2b\" data-element_type=\"widget\" data-e-type=\"widget\" data-widget_type=\"text-editor.default\">\n\t\t\t\t<div class=\"elementor-widget-container\">\n\t\t\t\t\t\t\t\t\t<p><strong><span style=\"color: #000000;\">ET QUAND TON FLACON DE BOOSTER<\/span><\/strong><br><strong><span style=\"color: #000000;\">EST VIDE :<\/span><\/strong><\/p>\t\t\t\t\t\t\t\t<\/div>\n\t\t\t\t<\/div>\n\t\t\t\t<div class=\"elementor-element elementor-element-19f0f74c elementor-widget elementor-widget-button\" data-id=\"19f0f74c\" data-element_type=\"widget\" data-e-type=\"widget\" data-widget_type=\"button.default\">\n\t\t\t\t<div class=\"elementor-widget-container\">\n\t\t\t\t\t\t\t\t\t<div class=\"elementor-button-wrapper\">\n\t\t\t\t\t<a class=\"elementor-button elementor-button-link elementor-size-sm\" href=\"https:\/\/mydocvita.com\/home\/product\/DPU1021\">\n\t\t\t\t\t\t<span class=\"elementor-button-content-wrapper\">\n\t\t\t\t\t\t\t\t\t<span class=\"elementor-button-text\">VERS LA BOUTIQUE<\/span>\n\t\t\t\t\t<\/span>\n\t\t\t\t\t<\/a>\n\t\t\t\t<\/div>\n\t\t\t\t\t\t\t\t<\/div>\n\t\t\t\t<\/div>\n\t\t\t\t<div class=\"elementor-element elementor-element-2ad27fd9 elementor-widget elementor-widget-spacer\" data-id=\"2ad27fd9\" data-element_type=\"widget\" data-e-type=\"widget\" data-widget_type=\"spacer.default\">\n\t\t\t\t<div class=\"elementor-widget-container\">\n\t\t\t\t\t\t\t<div class=\"elementor-spacer\">\n\t\t\t<div class=\"elementor-spacer-inner\"><\/div>\n\t\t<\/div>\n\t\t\t\t\t\t<\/div>\n\t\t\t\t<\/div>\n\t\t\t\t<div class=\"elementor-element elementor-element-78443ce2 elementor-widget elementor-widget-text-editor\" data-id=\"78443ce2\" data-element_type=\"widget\" data-e-type=\"widget\" data-widget_type=\"text-editor.default\">\n\t\t\t\t<div class=\"elementor-widget-container\">\n\t\t\t\t\t\t\t\t\t<p><strong><span style=\"color: #000000;\">Les capsules existent aussi en pratique<\/span><\/strong><br><strong><span style=\"color: #000000;\">recharge.<\/span><\/strong><\/p>\t\t\t\t\t\t\t\t<\/div>\n\t\t\t\t<\/div>\n\t\t\t\t\t<\/div>\n\t\t<\/div>\n\t\t\t\t\t<\/div>\n\t\t<\/section>\n\t\t\t\t<div class=\"elementor-element elementor-element-207fd494 elementor-widget elementor-widget-spacer\" data-id=\"207fd494\" data-element_type=\"widget\" data-e-type=\"widget\" data-widget_type=\"spacer.default\">\n\t\t\t\t<div class=\"elementor-widget-container\">\n\t\t\t\t\t\t\t<div class=\"elementor-spacer\">\n\t\t\t<div class=\"elementor-spacer-inner\"><\/div>\n\t\t<\/div>\n\t\t\t\t\t\t<\/div>\n\t\t\t\t<\/div>\n\t\t\t\t\t<\/div>\n\t\t<\/div>\n\t\t\t\t\t<\/div>\n\t\t<\/section>\n\t\t\t\t<section class=\"elementor-section elementor-top-section elementor-element elementor-element-1a16dfa8 elementor-section-full_width elementor-section-height-min-height elementor-section-stretched elementor-section-items-bottom elementor-section-height-default\" data-id=\"1a16dfa8\" data-element_type=\"section\" data-e-type=\"section\" data-settings=\"{&quot;background_background&quot;:&quot;classic&quot;,&quot;stretch_section&quot;:&quot;section-stretched&quot;}\">\n\t\t\t\t\t\t<div class=\"elementor-container elementor-column-gap-no\">\n\t\t\t\t\t<div class=\"elementor-column elementor-col-100 elementor-top-column elementor-element elementor-element-9a040f8\" data-id=\"9a040f8\" data-element_type=\"column\" data-e-type=\"column\">\n\t\t\t<div class=\"elementor-widget-wrap elementor-element-populated\">\n\t\t\t\t\t\t<section class=\"elementor-section elementor-inner-section elementor-element elementor-element-64578bb elementor-section-full_width elementor-section-height-default elementor-section-height-default\" data-id=\"64578bb\" data-element_type=\"section\" data-e-type=\"section\" data-settings=\"{&quot;background_background&quot;:&quot;classic&quot;}\">\n\t\t\t\t\t\t<div class=\"elementor-container elementor-column-gap-no\">\n\t\t\t\t\t<div class=\"elementor-column elementor-col-50 elementor-inner-column elementor-element elementor-element-6d0fecf1\" data-id=\"6d0fecf1\" data-element_type=\"column\" data-e-type=\"column\">\n\t\t\t<div class=\"elementor-widget-wrap\">\n\t\t\t\t\t\t\t<\/div>\n\t\t<\/div>\n\t\t\t\t<div class=\"elementor-column elementor-col-50 elementor-inner-column elementor-element elementor-element-4c508ec5\" data-id=\"4c508ec5\" data-element_type=\"column\" data-e-type=\"column\">\n\t\t\t<div class=\"elementor-widget-wrap elementor-element-populated\">\n\t\t\t\t\t\t<div class=\"elementor-element elementor-element-327d74ee elementor-widget__width-initial elementor-widget elementor-widget-text-editor\" data-id=\"327d74ee\" data-element_type=\"widget\" data-e-type=\"widget\" data-widget_type=\"text-editor.default\">\n\t\t\t\t<div class=\"elementor-widget-container\">\n\t\t\t\t\t\t\t\t\t<p><strong><span style=\"color: #000000;\">En \u00e9t\u00e9, ne rayonne pas seulement int\u00e9rieurement avec le soleil,<\/span><\/strong><br><strong><span style=\"color: #000000;\">d\u00e9couvre ici tes autres compagnons :<\/span><\/strong><\/p>\t\t\t\t\t\t\t\t<\/div>\n\t\t\t\t<\/div>\n\t\t\t\t\t<\/div>\n\t\t<\/div>\n\t\t\t\t\t<\/div>\n\t\t<\/section>\n\t\t\t\t<div class=\"elementor-element elementor-element-5f85f84e elementor-widget elementor-widget-image\" data-id=\"5f85f84e\" data-element_type=\"widget\" data-e-type=\"widget\" data-widget_type=\"image.default\">\n\t\t\t\t<div class=\"elementor-widget-container\">\n\t\t\t\t\t\t\t\t\t\t\t\t\t\t\t\t<a href=\"https:\/\/mydocvita.com\/home\/category\/2\" target=\"_blank\">\n\t\t\t\t\t\t\t<img loading=\"lazy\" decoding=\"async\" width=\"1024\" height=\"769\" src=\"https:\/\/mydocvita.lu\/wp-content\/uploads\/2026\/03\/20230629_booster_Web_Visual_Startseite_unten-1-1024x769.jpg\" class=\"attachment-large size-large wp-image-7390\" alt=\"\" srcset=\"https:\/\/mydocvita.lu\/wp-content\/uploads\/2026\/03\/20230629_booster_Web_Visual_Startseite_unten-1-1024x769.jpg 1024w, https:\/\/mydocvita.lu\/wp-content\/uploads\/2026\/03\/20230629_booster_Web_Visual_Startseite_unten-1-300x225.jpg 300w, https:\/\/mydocvita.lu\/wp-content\/uploads\/2026\/03\/20230629_booster_Web_Visual_Startseite_unten-1-768x577.jpg 768w, https:\/\/mydocvita.lu\/wp-content\/uploads\/2026\/03\/20230629_booster_Web_Visual_Startseite_unten-1-1536x1153.jpg 1536w, https:\/\/mydocvita.lu\/wp-content\/uploads\/2026\/03\/20230629_booster_Web_Visual_Startseite_unten-1.jpg 1718w\" sizes=\"(max-width: 1024px) 100vw, 1024px\" \/>\t\t\t\t\t\t\t\t<\/a>\n\t\t\t\t\t\t\t\t\t\t\t\t\t\t\t<\/div>\n\t\t\t\t<\/div>\n\t\t\t\t\t<\/div>\n\t\t<\/div>\n\t\t\t\t\t<\/div>\n\t\t<\/section>\n\t\t\t\t<section class=\"elementor-section elementor-top-section elementor-element elementor-element-7dc170d9 elementor-section-full_width elementor-section-height-default elementor-section-height-default\" data-id=\"7dc170d9\" data-element_type=\"section\" data-e-type=\"section\" data-settings=\"{&quot;background_background&quot;:&quot;classic&quot;}\">\n\t\t\t\t\t\t<div class=\"elementor-container elementor-column-gap-default\">\n\t\t\t\t\t<div class=\"elementor-column elementor-col-100 elementor-top-column elementor-element elementor-element-99fa606\" data-id=\"99fa606\" data-element_type=\"column\" data-e-type=\"column\">\n\t\t\t<div class=\"elementor-widget-wrap elementor-element-populated\">\n\t\t\t\t\t\t<div class=\"elementor-element elementor-element-44fde9cd elementor-widget elementor-widget-spacer\" data-id=\"44fde9cd\" data-element_type=\"widget\" data-e-type=\"widget\" data-widget_type=\"spacer.default\">\n\t\t\t\t<div class=\"elementor-widget-container\">\n\t\t\t\t\t\t\t<div class=\"elementor-spacer\">\n\t\t\t<div class=\"elementor-spacer-inner\"><\/div>\n\t\t<\/div>\n\t\t\t\t\t\t<\/div>\n\t\t\t\t<\/div>\n\t\t\t\t\t<\/div>\n\t\t<\/div>\n\t\t\t\t\t<\/div>\n\t\t<\/section>\n\t\t\t\t<\/div>\n\t\t","protected":false},"excerpt":{"rendered":"<p>AmadouORGANIC FUNGUSPLUS VITAMINE C ENCAPSULES V\u00c9GANES*pour une prise quotidienne*pour ta fra\u00eecheur estivalede lint\u00e9rieur VERS LA BOUTIQUE Merveilleusement belle gr\u00e2ce \u00e0 [&hellip;]<\/p>\n","protected":false},"author":1,"featured_media":0,"parent":0,"menu_order":0,"comment_status":"closed","ping_status":"closed","template":"","meta":{"site-sidebar-layout":"no-sidebar","site-content-layout":"","ast-site-content-layout":"full-width-container","site-content-style":"default","site-sidebar-style":"default","ast-global-header-display":"","ast-banner-title-visibility":"","ast-main-header-display":"","ast-hfb-above-header-display":"","ast-hfb-below-header-display":"","ast-hfb-mobile-header-display":"","site-post-title":"disabled","ast-breadcrumbs-content":"","ast-featured-img":"disabled","footer-sml-layout":"","ast-disable-related-posts":"","theme-transparent-header-meta":"","adv-header-id-meta":"","stick-header-meta":"","header-above-stick-meta":"","header-main-stick-meta":"","header-below-stick-meta":"","astra-migrate-meta-layouts":"default","ast-page-background-enabled":"default","ast-page-background-meta":{"desktop":{"background-color":"var(--ast-global-color-4)","background-image":"","background-repeat":"repeat","background-position":"center center","background-size":"auto","background-attachment":"scroll","background-type":"","background-media":"","overlay-type":"","overlay-color":"","overlay-opacity":"","overlay-gradient":""},"tablet":{"background-color":"","background-image":"","background-repeat":"repeat","background-position":"center center","background-size":"auto","background-attachment":"scroll","background-type":"","background-media":"","overlay-type":"","overlay-color":"","overlay-opacity":"","overlay-gradient":""},"mobile":{"background-color":"","background-image":"","background-repeat":"repeat","background-position":"center center","background-size":"auto","background-attachment":"scroll","background-type":"","background-media":"","overlay-type":"","overlay-color":"","overlay-opacity":"","overlay-gradient":""}},"ast-content-background-meta":{"desktop":{"background-color":"var(--ast-global-color-5)","background-image":"","background-repeat":"repeat","background-position":"center center","background-size":"auto","background-attachment":"scroll","background-type":"","background-media":"","overlay-type":"","overlay-color":"","overlay-opacity":"","overlay-gradient":""},"tablet":{"background-color":"var(--ast-global-color-5)","background-image":"","background-repeat":"repeat","background-position":"center center","background-size":"auto","background-attachment":"scroll","background-type":"","background-media":"","overlay-type":"","overlay-color":"","overlay-opacity":"","overlay-gradient":""},"mobile":{"background-color":"var(--ast-global-color-5)","background-image":"","background-repeat":"repeat","background-position":"center center","background-size":"auto","background-attachment":"scroll","background-type":"","background-media":"","overlay-type":"","overlay-color":"","overlay-opacity":"","overlay-gradient":""}},"footnotes":""},"class_list":["post-7393","page","type-page","status-publish","hentry"],"_links":{"self":[{"href":"https:\/\/mydocvita.lu\/fr\/wp-json\/wp\/v2\/pages\/7393","targetHints":{"allow":["GET"]}}],"collection":[{"href":"https:\/\/mydocvita.lu\/fr\/wp-json\/wp\/v2\/pages"}],"about":[{"href":"https:\/\/mydocvita.lu\/fr\/wp-json\/wp\/v2\/types\/page"}],"author":[{"embeddable":true,"href":"https:\/\/mydocvita.lu\/fr\/wp-json\/wp\/v2\/users\/1"}],"replies":[{"embeddable":true,"href":"https:\/\/mydocvita.lu\/fr\/wp-json\/wp\/v2\/comments?post=7393"}],"version-history":[{"count":1,"href":"https:\/\/mydocvita.lu\/fr\/wp-json\/wp\/v2\/pages\/7393\/revisions"}],"predecessor-version":[{"id":7394,"href":"https:\/\/mydocvita.lu\/fr\/wp-json\/wp\/v2\/pages\/7393\/revisions\/7394"}],"wp:attachment":[{"href":"https:\/\/mydocvita.lu\/fr\/wp-json\/wp\/v2\/media?parent=7393"}],"curies":[{"name":"wp","href":"https:\/\/api.w.org\/{rel}","templated":true}]}}