{"id":7599,"date":"2024-02-12T14:27:15","date_gmt":"2024-02-12T14:27:15","guid":{"rendered":"https:\/\/mydocvita.lu\/mentions-legales\/"},"modified":"2026-03-28T09:03:37","modified_gmt":"2026-03-28T09:03:37","slug":"mentions-legales","status":"publish","type":"page","link":"https:\/\/mydocvita.lu\/fr\/mentions-legales\/","title":{"rendered":"Mentions l\u00e9gales"},"content":{"rendered":"\n<p><strong>Identification l\u00e9gale du fournisseur :<\/strong><br\/><\/p>\n\n<p><br\/><strong>Si\u00e8ge social<\/strong><\/p>\n\n<p><strong>WoegingerGroup vGmbH<\/strong><\/p>\n\n<p><strong>repr\u00e9sent\u00e9e par le g\u00e9rant Wolfgang Woeginger <\/strong><\/p>\n\n<p><strong>Route d&rsquo;Arlon 206<\/strong><\/p>\n\n<p><strong>8011 Strassen<\/strong><\/p>\n\n<p><strong>Luxembourg<\/strong><\/p>\n\n<p><strong>T\u00e9l\u00e9phone : +352 621 488 089<\/strong><\/p>\n\n<p><strong>E-mail : <a href=\"mailto:info@docvita.lu\">info@docvita.lu<\/a><\/strong><\/p>\n\n<p><strong>Num\u00e9ro de TVA intracommunautaire : LU34955754 enregistr\u00e9 au registre du commerce et des soci\u00e9t\u00e9s du Luxembourg<\/strong><\/p>\n\n<p><strong>Num\u00e9ro d&rsquo;immatriculation au registre du commerce et des soci\u00e9t\u00e9s HRB B276411<\/strong><br\/><br\/><strong>mydocvita.de<\/strong><\/p>\n\n<p><strong>mydocvita.com<\/strong><br\/><br\/><\/p>\n","protected":false},"excerpt":{"rendered":"<p>Identification l\u00e9gale du fournisseur : Si\u00e8ge social WoegingerGroup vGmbH repr\u00e9sent\u00e9e par le g\u00e9rant Wolfgang Woeginger Route d&rsquo;Arlon 206 8011 Strassen [&hellip;]<\/p>\n","protected":false},"author":1,"featured_media":0,"parent":0,"menu_order":0,"comment_status":"closed","ping_status":"closed","template":"","meta":{"site-sidebar-layout":"default","site-content-layout":"","ast-site-content-layout":"default","site-content-style":"default","site-sidebar-style":"default","ast-global-header-display":"","ast-banner-title-visibility":"","ast-main-header-display":"","ast-hfb-above-header-display":"","ast-hfb-below-header-display":"","ast-hfb-mobile-header-display":"","site-post-title":"","ast-breadcrumbs-content":"","ast-featured-img":"","footer-sml-layout":"","ast-disable-related-posts":"","theme-transparent-header-meta":"","adv-header-id-meta":"","stick-header-meta":"","header-above-stick-meta":"","header-main-stick-meta":"","header-below-stick-meta":"","astra-migrate-meta-layouts":"default","ast-page-background-enabled":"default","ast-page-background-meta":{"desktop":{"background-color":"var(--ast-global-color-4)","background-image":"","background-repeat":"repeat","background-position":"center center","background-size":"auto","background-attachment":"scroll","background-type":"","background-media":"","overlay-type":"","overlay-color":"","overlay-opacity":"","overlay-gradient":""},"tablet":{"background-color":"","background-image":"","background-repeat":"repeat","background-position":"center center","background-size":"auto","background-attachment":"scroll","background-type":"","background-media":"","overlay-type":"","overlay-color":"","overlay-opacity":"","overlay-gradient":""},"mobile":{"background-color":"","background-image":"","background-repeat":"repeat","background-position":"center center","background-size":"auto","background-attachment":"scroll","background-type":"","background-media":"","overlay-type":"","overlay-color":"","overlay-opacity":"","overlay-gradient":""}},"ast-content-background-meta":{"desktop":{"background-color":"var(--ast-global-color-5)","background-image":"","background-repeat":"repeat","background-position":"center center","background-size":"auto","background-attachment":"scroll","background-type":"","background-media":"","overlay-type":"","overlay-color":"","overlay-opacity":"","overlay-gradient":""},"tablet":{"background-color":"var(--ast-global-color-5)","background-image":"","background-repeat":"repeat","background-position":"center center","background-size":"auto","background-attachment":"scroll","background-type":"","background-media":"","overlay-type":"","overlay-color":"","overlay-opacity":"","overlay-gradient":""},"mobile":{"background-color":"var(--ast-global-color-5)","background-image":"","background-repeat":"repeat","background-position":"center center","background-size":"auto","background-attachment":"scroll","background-type":"","background-media":"","overlay-type":"","overlay-color":"","overlay-opacity":"","overlay-gradient":""}},"footnotes":""},"class_list":["post-7599","page","type-page","status-publish","hentry"],"_links":{"self":[{"href":"https:\/\/mydocvita.lu\/fr\/wp-json\/wp\/v2\/pages\/7599","targetHints":{"allow":["GET"]}}],"collection":[{"href":"https:\/\/mydocvita.lu\/fr\/wp-json\/wp\/v2\/pages"}],"about":[{"href":"https:\/\/mydocvita.lu\/fr\/wp-json\/wp\/v2\/types\/page"}],"author":[{"embeddable":true,"href":"https:\/\/mydocvita.lu\/fr\/wp-json\/wp\/v2\/users\/1"}],"replies":[{"embeddable":true,"href":"https:\/\/mydocvita.lu\/fr\/wp-json\/wp\/v2\/comments?post=7599"}],"version-history":[{"count":1,"href":"https:\/\/mydocvita.lu\/fr\/wp-json\/wp\/v2\/pages\/7599\/revisions"}],"predecessor-version":[{"id":7600,"href":"https:\/\/mydocvita.lu\/fr\/wp-json\/wp\/v2\/pages\/7599\/revisions\/7600"}],"wp:attachment":[{"href":"https:\/\/mydocvita.lu\/fr\/wp-json\/wp\/v2\/media?parent=7599"}],"curies":[{"name":"wp","href":"https:\/\/api.w.org\/{rel}","templated":true}]}}