{"id":7613,"date":"2024-01-20T01:53:08","date_gmt":"2024-01-20T01:53:08","guid":{"rendered":"https:\/\/mydocvita.lu\/entreprise\/"},"modified":"2026-04-24T17:50:01","modified_gmt":"2026-04-24T17:50:01","slug":"entreprise","status":"publish","type":"page","link":"https:\/\/mydocvita.lu\/fr\/entreprise\/","title":{"rendered":"Entreprise"},"content":{"rendered":"\t\t<div data-elementor-type=\"wp-page\" data-elementor-id=\"7613\" class=\"elementor elementor-7613 elementor-4740\" data-elementor-post-type=\"page\">\n\t\t\t\t\t\t<section class=\"elementor-section elementor-top-section elementor-element elementor-element-452a85d8 elementor-section-full_width elementor-section-height-min-height elementor-section-height-default elementor-section-items-middle\" data-id=\"452a85d8\" data-element_type=\"section\" data-e-type=\"section\" data-settings=\"{&quot;background_background&quot;:&quot;classic&quot;}\">\n\t\t\t\t\t\t<div class=\"elementor-container elementor-column-gap-default\">\n\t\t\t\t\t<div class=\"elementor-column elementor-col-100 elementor-top-column elementor-element elementor-element-5567c9c3\" data-id=\"5567c9c3\" data-element_type=\"column\" data-e-type=\"column\" data-settings=\"{&quot;background_background&quot;:&quot;slideshow&quot;,&quot;background_slideshow_gallery&quot;:[],&quot;background_slideshow_loop&quot;:&quot;yes&quot;,&quot;background_slideshow_slide_duration&quot;:5000,&quot;background_slideshow_slide_transition&quot;:&quot;fade&quot;,&quot;background_slideshow_transition_duration&quot;:500}\">\n\t\t\t<div class=\"elementor-widget-wrap elementor-element-populated\">\n\t\t\t\t\t\t<div class=\"elementor-element elementor-element-777ae58c elementor-invisible elementor-widget elementor-widget-heading\" data-id=\"777ae58c\" data-element_type=\"widget\" data-e-type=\"widget\" data-settings=\"{&quot;_animation&quot;:&quot;fadeInLeft&quot;}\" data-widget_type=\"heading.default\">\n\t\t\t\t<div class=\"elementor-widget-container\">\n\t\t\t\t\t<h1 class=\"elementor-heading-title elementor-size-default\"><b>Notre histoire<\/b><\/h1>\t\t\t\t<\/div>\n\t\t\t\t<\/div>\n\t\t\t\t<div class=\"elementor-element elementor-element-36182e24 elementor-invisible elementor-widget elementor-widget-text-editor\" data-id=\"36182e24\" data-element_type=\"widget\" data-e-type=\"widget\" data-settings=\"{&quot;_animation&quot;:&quot;fadeInLeft&quot;,&quot;_animation_delay&quot;:200}\" data-widget_type=\"text-editor.default\">\n\t\t\t\t<div class=\"elementor-widget-container\">\n\t\t\t\t\t\t\t\t\t<p><strong>Simple<\/strong><\/p>\t\t\t\t\t\t\t\t<\/div>\n\t\t\t\t<\/div>\n\t\t\t\t<div class=\"elementor-element elementor-element-4e4db4c8 elementor-invisible elementor-widget elementor-widget-text-editor\" data-id=\"4e4db4c8\" data-element_type=\"widget\" data-e-type=\"widget\" data-settings=\"{&quot;_animation&quot;:&quot;fadeInLeft&quot;,&quot;_animation_delay&quot;:400}\" data-widget_type=\"text-editor.default\">\n\t\t\t\t<div class=\"elementor-widget-container\">\n\t\t\t\t\t\t\t\t\t<p><strong>Facile<\/strong><\/p>\t\t\t\t\t\t\t\t<\/div>\n\t\t\t\t<\/div>\n\t\t\t\t<div class=\"elementor-element elementor-element-7b0c7306 elementor-invisible elementor-widget elementor-widget-text-editor\" data-id=\"7b0c7306\" data-element_type=\"widget\" data-e-type=\"widget\" data-settings=\"{&quot;_animation&quot;:&quot;fadeInLeft&quot;,&quot;_animation_delay&quot;:600}\" data-widget_type=\"text-editor.default\">\n\t\t\t\t<div class=\"elementor-widget-container\">\n\t\t\t\t\t\t\t\t\t<span style=\"color: #ffffff;\">MyDocVita<\/span>\t\t\t\t\t\t\t\t<\/div>\n\t\t\t\t<\/div>\n\t\t\t\t<div class=\"elementor-element elementor-element-c43e836 elementor-widget__width-initial elementor-invisible elementor-widget elementor-widget-button\" data-id=\"c43e836\" data-element_type=\"widget\" data-e-type=\"widget\" data-settings=\"{&quot;_animation&quot;:&quot;fadeInLeft&quot;,&quot;_animation_delay&quot;:1500}\" data-widget_type=\"button.default\">\n\t\t\t\t<div class=\"elementor-widget-container\">\n\t\t\t\t\t\t\t\t\t<div class=\"elementor-button-wrapper\">\n\t\t\t\t\t<a class=\"elementor-button elementor-button-link elementor-size-sm\" href=\"https:\/\/mydocvita.lu\/fr\/inscription\/\">\n\t\t\t\t\t\t<span class=\"elementor-button-content-wrapper\">\n\t\t\t\t\t\t\t\t\t<span class=\"elementor-button-text\">REJOINS-NOUS D\u00c8S MAINTENANT<\/span>\n\t\t\t\t\t<\/span>\n\t\t\t\t\t<\/a>\n\t\t\t\t<\/div>\n\t\t\t\t\t\t\t\t<\/div>\n\t\t\t\t<\/div>\n\t\t\t\t\t<\/div>\n\t\t<\/div>\n\t\t\t\t\t<\/div>\n\t\t<\/section>\n\t\t\t\t<section class=\"elementor-section elementor-top-section elementor-element elementor-element-22390945 elementor-section-full_width elementor-section-height-min-height elementor-section-height-default elementor-section-items-middle\" data-id=\"22390945\" data-element_type=\"section\" data-e-type=\"section\" data-settings=\"{&quot;background_background&quot;:&quot;classic&quot;}\">\n\t\t\t\t\t\t<div class=\"elementor-container elementor-column-gap-default\">\n\t\t\t\t\t<div class=\"elementor-column elementor-col-100 elementor-top-column elementor-element elementor-element-78be83b0\" data-id=\"78be83b0\" data-element_type=\"column\" data-e-type=\"column\">\n\t\t\t<div class=\"elementor-widget-wrap elementor-element-populated\">\n\t\t\t\t\t\t<div class=\"elementor-element elementor-element-c01f7db elementor-widget elementor-widget-text-editor\" data-id=\"c01f7db\" data-element_type=\"widget\" data-e-type=\"widget\" data-widget_type=\"text-editor.default\">\n\t\t\t\t<div class=\"elementor-widget-container\">\n\t\t\t\t\t\t\t\t\t<h1><span style=\"color: #878786;\"><br>Starte mit MyDocVita durch!<\/span><\/h1><h2><span style=\"color: #878786;\">R\u00e9alise tes r\u00eaves !<\/span><\/h2><p><span style=\"color: #878786;\">Tu veux vivre ton r\u00eave d&rsquo;avoir ta propre entreprise ? La flexibilit\u00e9, la libert\u00e9 et la gestion libre de ton temps sont importantes pour toi ? <\/span><\/p><p><span style=\"color: #878786;\">Dann schreiben Sie jetzt ihre Erfolgsgeschichte mit MyDocVita! MyDocVita bietet qualitativ hochwertige, biozertifizierte Naturkosmetik und Nahrungserg\u00e4nzung an. Unsere Philosophie ist das Wohlbefinden unserer Kunden und zudem m\u00f6chten wir die Umwelt schonen. Sie k\u00f6nnen sich mit diesen Werten identifizieren? Dann sind Sie bei uns genau richtig. Gemeinsam mit uns k\u00f6nnen Sie ihre Ziele erreichen.     <\/span><\/p><p><span style=\"color: #878786;\"> Werden Sie ein Gesicht von MyDocVita und tragen Sie unsere Ziele nach drau\u00dfen. Seien Sie die Person, die den Unterschied f\u00fcr andere Menschen macht. Und das Ganze bei freier Zeiteinteilung, ortsunabh\u00e4ngig und mit fairer Verg\u00fctung. Sie k\u00f6nnen ideal bei MyDocVita im nebenberuflichen Einstieg starten. Unbegrenzte Verdienstm\u00f6glichkeiten stellen wir in Aussicht.    <\/span><\/p><p><span style=\"color: #878786;\">Repr\u00e9sente nos valeurs et obtiens en parall\u00e8le plus de temps, plus d&rsquo;argent, plus de libert\u00e9 et plus de qualit\u00e9 de vie.<\/span><\/p><p><span style=\"color: #878786;\">Nous avons \u00e9veill\u00e9 ton int\u00e9r\u00eat ? Alors contacte-nous et d\u00e9couvre-en plus :   <\/span><\/p><p><span style=\"color: #878786;\">Kontakt: <a href=\"mailto:info@mydocvita.lu\">info@mydocvita.lu<\/a><\/span><\/p><p style=\"font-size: 15px; font-style: normal; font-weight: 400; color: #7a7a7a;\"> <\/p>\t\t\t\t\t\t\t\t<\/div>\n\t\t\t\t<\/div>\n\t\t\t\t\t<\/div>\n\t\t<\/div>\n\t\t\t\t\t<\/div>\n\t\t<\/section>\n\t\t\t\t<section class=\"elementor-section elementor-top-section elementor-element elementor-element-7119586 elementor-section-full_width elementor-section-height-min-height elementor-section-height-default elementor-section-items-middle\" data-id=\"7119586\" data-element_type=\"section\" data-e-type=\"section\" data-settings=\"{&quot;background_background&quot;:&quot;classic&quot;}\">\n\t\t\t\t\t\t\t<div class=\"elementor-background-overlay\"><\/div>\n\t\t\t\t\t\t\t<div class=\"elementor-container elementor-column-gap-default\">\n\t\t\t\t\t<div class=\"elementor-column elementor-col-100 elementor-top-column elementor-element elementor-element-1f2a7f7f\" data-id=\"1f2a7f7f\" data-element_type=\"column\" data-e-type=\"column\">\n\t\t\t<div class=\"elementor-widget-wrap\">\n\t\t\t\t\t\t\t<\/div>\n\t\t<\/div>\n\t\t\t\t\t<\/div>\n\t\t<\/section>\n\t\t\t\t<section class=\"elementor-section elementor-top-section elementor-element elementor-element-22179dfb elementor-section-full_width elementor-section-height-min-height elementor-section-height-default elementor-section-items-middle\" data-id=\"22179dfb\" data-element_type=\"section\" data-e-type=\"section\" data-settings=\"{&quot;background_background&quot;:&quot;classic&quot;}\">\n\t\t\t\t\t\t<div class=\"elementor-container elementor-column-gap-default\">\n\t\t\t\t\t<div class=\"elementor-column elementor-col-100 elementor-top-column elementor-element elementor-element-2e5351b0\" data-id=\"2e5351b0\" data-element_type=\"column\" data-e-type=\"column\">\n\t\t\t<div class=\"elementor-widget-wrap elementor-element-populated\">\n\t\t\t\t\t\t<div class=\"elementor-element elementor-element-35b9a19e elementor-widget elementor-widget-text-editor\" data-id=\"35b9a19e\" data-element_type=\"widget\" data-e-type=\"widget\" data-widget_type=\"text-editor.default\">\n\t\t\t\t<div class=\"elementor-widget-container\">\n\t\t\t\t\t\t\t\t\t<p style=\"text-align: center;\">MyDocVita bietet hochwertige Nahrungserg\u00e4nzungsmittel sowie Naturkosmetik an, um dem K\u00f6rper von innen und au\u00dfen etwas Gutes zu tun.<\/p><p>Nos produits sont le fruit de plusieurs ann\u00e9es de recherche et d\u00e9veloppement et d&rsquo;un engagement sans faille. Afin de garantir un maximum de bienfaits pour la sant\u00e9 et le bien-\u00eatre de nos clients, tous les ingr\u00e9dients et leur composition ont \u00e9t\u00e9 \u00e9tudi\u00e9s dans les moindres d\u00e9tails.  Wir liefern 100 Prozent BIO ohne Wenn und Aber. <br>De plus, l&rsquo;environnement nous tient \u00e0 c\u0153ur, c&rsquo;est pourquoi nous renon\u00e7ons aux emballages suppl\u00e9mentaires pour nos produits.<\/p><p><strong>Hochwertige Qualit\u00e4t bei MyDocVita<\/strong><br>Wir verwenden nur qualitativ hochwertige Inhaltsstoffe, welche sehr gut von ihrem K\u00f6rper aufgenommen werden aufgrund ihrer hohen Bioverf\u00fcgbarkeit. <br>Zudem achten wir auch eine sozial- und umweltvertr\u00e4gliche Herstellung unserer Inhaltsstoffe.<br>Die Basis unserer Produkte ist der Zunderschwamm, welcher als Pilz bereits seit der Steinzeit Anwendung in der Naturheilkunde fand. <br>Seine Inhaltsstoffe machen ihn wertvoll f\u00fcr die Naturkosmetik und Nahrungserg\u00e4nzungsmittel.<\/p><p>Sie haben noch Fragen zu unseren Produkten oder m\u00f6chten sich \u00fcber unser Angebot informieren? <br>Dann kontaktieren Sie uns und wir beantworten gerne ihre Fragen. <br><span style=\"font-size: 18px; font-family: var( --e-global-typography-text-font-family ); letter-spacing: 0px;\">Kontakt: <\/span><a style=\"font-size: 18px; font-family: var( --e-global-typography-text-font-family ); letter-spacing: 0px; background-color: #ffffff;\" href=\"mailto:info@mydocvita.lu\">info@mydocvita.lu<\/a><\/p>\t\t\t\t\t\t\t\t<\/div>\n\t\t\t\t<\/div>\n\t\t\t\t\t<\/div>\n\t\t<\/div>\n\t\t\t\t\t<\/div>\n\t\t<\/section>\n\t\t\t\t<section class=\"elementor-section elementor-top-section elementor-element elementor-element-7a8fc0c8 elementor-section-full_width elementor-section-height-min-height elementor-section-height-default elementor-section-items-middle\" data-id=\"7a8fc0c8\" data-element_type=\"section\" data-e-type=\"section\" data-settings=\"{&quot;background_background&quot;:&quot;classic&quot;}\">\n\t\t\t\t\t\t\t<div class=\"elementor-background-overlay\"><\/div>\n\t\t\t\t\t\t\t<div class=\"elementor-container elementor-column-gap-default\">\n\t\t\t\t\t<div class=\"elementor-column elementor-col-100 elementor-top-column elementor-element elementor-element-716ba48\" data-id=\"716ba48\" data-element_type=\"column\" data-e-type=\"column\">\n\t\t\t<div class=\"elementor-widget-wrap\">\n\t\t\t\t\t\t\t<\/div>\n\t\t<\/div>\n\t\t\t\t\t<\/div>\n\t\t<\/section>\n\t\t\t\t<\/div>\n\t\t","protected":false},"excerpt":{"rendered":"<p>Notre histoire Simple Facile MyDocVita REJOINS-NOUS D\u00c8S MAINTENANT Starte mit MyDocVita durch! R\u00e9alise tes r\u00eaves ! Tu veux vivre ton [&hellip;]<\/p>\n","protected":false},"author":1,"featured_media":0,"parent":0,"menu_order":0,"comment_status":"closed","ping_status":"closed","template":"","meta":{"site-sidebar-layout":"no-sidebar","site-content-layout":"","ast-site-content-layout":"full-width-container","site-content-style":"default","site-sidebar-style":"default","ast-global-header-display":"","ast-banner-title-visibility":"","ast-main-header-display":"","ast-hfb-above-header-display":"","ast-hfb-below-header-display":"","ast-hfb-mobile-header-display":"","site-post-title":"disabled","ast-breadcrumbs-content":"","ast-featured-img":"disabled","footer-sml-layout":"","ast-disable-related-posts":"","theme-transparent-header-meta":"","adv-header-id-meta":"","stick-header-meta":"","header-above-stick-meta":"","header-main-stick-meta":"","header-below-stick-meta":"","astra-migrate-meta-layouts":"default","ast-page-background-enabled":"default","ast-page-background-meta":{"desktop":{"background-color":"var(--ast-global-color-4)","background-image":"","background-repeat":"repeat","background-position":"center center","background-size":"auto","background-attachment":"scroll","background-type":"","background-media":"","overlay-type":"","overlay-color":"","overlay-opacity":"","overlay-gradient":""},"tablet":{"background-color":"","background-image":"","background-repeat":"repeat","background-position":"center center","background-size":"auto","background-attachment":"scroll","background-type":"","background-media":"","overlay-type":"","overlay-color":"","overlay-opacity":"","overlay-gradient":""},"mobile":{"background-color":"","background-image":"","background-repeat":"repeat","background-position":"center center","background-size":"auto","background-attachment":"scroll","background-type":"","background-media":"","overlay-type":"","overlay-color":"","overlay-opacity":"","overlay-gradient":""}},"ast-content-background-meta":{"desktop":{"background-color":"var(--ast-global-color-5)","background-image":"","background-repeat":"repeat","background-position":"center center","background-size":"auto","background-attachment":"scroll","background-type":"","background-media":"","overlay-type":"","overlay-color":"","overlay-opacity":"","overlay-gradient":""},"tablet":{"background-color":"var(--ast-global-color-5)","background-image":"","background-repeat":"repeat","background-position":"center center","background-size":"auto","background-attachment":"scroll","background-type":"","background-media":"","overlay-type":"","overlay-color":"","overlay-opacity":"","overlay-gradient":""},"mobile":{"background-color":"var(--ast-global-color-5)","background-image":"","background-repeat":"repeat","background-position":"center center","background-size":"auto","background-attachment":"scroll","background-type":"","background-media":"","overlay-type":"","overlay-color":"","overlay-opacity":"","overlay-gradient":""}},"footnotes":""},"class_list":["post-7613","page","type-page","status-publish","hentry"],"_links":{"self":[{"href":"https:\/\/mydocvita.lu\/fr\/wp-json\/wp\/v2\/pages\/7613","targetHints":{"allow":["GET"]}}],"collection":[{"href":"https:\/\/mydocvita.lu\/fr\/wp-json\/wp\/v2\/pages"}],"about":[{"href":"https:\/\/mydocvita.lu\/fr\/wp-json\/wp\/v2\/types\/page"}],"author":[{"embeddable":true,"href":"https:\/\/mydocvita.lu\/fr\/wp-json\/wp\/v2\/users\/1"}],"replies":[{"embeddable":true,"href":"https:\/\/mydocvita.lu\/fr\/wp-json\/wp\/v2\/comments?post=7613"}],"version-history":[{"count":4,"href":"https:\/\/mydocvita.lu\/fr\/wp-json\/wp\/v2\/pages\/7613\/revisions"}],"predecessor-version":[{"id":7900,"href":"https:\/\/mydocvita.lu\/fr\/wp-json\/wp\/v2\/pages\/7613\/revisions\/7900"}],"wp:attachment":[{"href":"https:\/\/mydocvita.lu\/fr\/wp-json\/wp\/v2\/media?parent=7613"}],"curies":[{"name":"wp","href":"https:\/\/api.w.org\/{rel}","templated":true}]}}