{"id":7827,"date":"2025-04-16T21:54:28","date_gmt":"2025-04-16T21:54:28","guid":{"rendered":"https:\/\/mydocvita.lu\/lamadouvier-dans-les-cosmetiques-naturels-doux-efficace-pur\/"},"modified":"2026-04-20T13:52:00","modified_gmt":"2026-04-20T13:52:00","slug":"lamadouvier-dans-les-cosmetiques-naturels-doux-efficace-pur","status":"publish","type":"page","link":"https:\/\/mydocvita.lu\/fr\/lamadouvier-dans-les-cosmetiques-naturels-doux-efficace-pur\/","title":{"rendered":"L&rsquo;amadouvier dans les cosm\u00e9tiques naturels \u2013 doux, efficace, pur"},"content":{"rendered":"\t\t<div data-elementor-type=\"wp-page\" data-elementor-id=\"7827\" class=\"elementor elementor-7827 elementor-6066\" data-elementor-post-type=\"page\">\n\t\t\t\t<div class=\"elementor-element elementor-element-4cfdc07 e-con-full e-flex e-con e-parent\" data-id=\"4cfdc07\" data-element_type=\"container\" data-e-type=\"container\">\n\t\t\t\t<div class=\"elementor-element elementor-element-0068f44 elementor-widget elementor-widget-image\" data-id=\"0068f44\" data-element_type=\"widget\" data-e-type=\"widget\" data-widget_type=\"image.default\">\n\t\t\t\t<div class=\"elementor-widget-container\">\n\t\t\t\t\t\t\t\t\t\t\t\t\t\t\t<img fetchpriority=\"high\" decoding=\"async\" width=\"1280\" height=\"600\" src=\"https:\/\/mydocvita.lu\/wp-content\/uploads\/2025\/04\/Zunderschwamm-an-liegendem-Baum.jpg\" class=\"attachment-full size-full wp-image-6005\" alt=\"Amadouvier sur un arbre couch\u00e9\" srcset=\"https:\/\/mydocvita.lu\/wp-content\/uploads\/2025\/04\/Zunderschwamm-an-liegendem-Baum.jpg 1280w, https:\/\/mydocvita.lu\/wp-content\/uploads\/2025\/04\/Zunderschwamm-an-liegendem-Baum-300x141.jpg 300w, https:\/\/mydocvita.lu\/wp-content\/uploads\/2025\/04\/Zunderschwamm-an-liegendem-Baum-1024x480.jpg 1024w, https:\/\/mydocvita.lu\/wp-content\/uploads\/2025\/04\/Zunderschwamm-an-liegendem-Baum-768x360.jpg 768w\" sizes=\"(max-width: 1280px) 100vw, 1280px\" \/>\t\t\t\t\t\t\t\t\t\t\t\t\t\t\t<\/div>\n\t\t\t\t<\/div>\n\t\t\t\t<\/div>\n\t\t<div class=\"elementor-element elementor-element-4957b3a e-flex e-con-boxed e-con e-parent\" data-id=\"4957b3a\" data-element_type=\"container\" data-e-type=\"container\">\n\t\t\t\t\t<div class=\"e-con-inner\">\n\t\t\t\t<div class=\"elementor-element elementor-element-799f6bb elementor-widget elementor-widget-heading\" data-id=\"799f6bb\" data-element_type=\"widget\" data-e-type=\"widget\" data-widget_type=\"heading.default\">\n\t\t\t\t<div class=\"elementor-widget-container\">\n\t\t\t\t\t<h2 class=\"elementor-heading-title elementor-size-default\">Une peau naturellement belle commence par la confiance \u2013 et par l'amadouvier<\/h2>\t\t\t\t<\/div>\n\t\t\t\t<\/div>\n\t\t\t\t<div class=\"elementor-element elementor-element-6d90e9e elementor-widget elementor-widget-text-editor\" data-id=\"6d90e9e\" data-element_type=\"widget\" data-e-type=\"widget\" data-widget_type=\"text-editor.default\">\n\t\t\t\t<div class=\"elementor-widget-container\">\n\t\t\t\t\t\t\t\t\t<p>La peau est notre plus grand organe \u2013 sensible, polyvalente et sollicit\u00e9e quotidiennement. Elle nous prot\u00e8ge, communique avec l&rsquo;environnement et refl\u00e8te souvent notre v\u00e9ritable \u00e9tat. Pas \u00e9tonnant que nous voulions lui offrir plus qu&rsquo;un simple soin superficiel.  <\/p><p>Les cosm\u00e9tiques naturels offrent exactement cela : une connexion attentive entre des ingr\u00e9dients purs, une approche durable et des formulations inspir\u00e9es par la science. Un ingr\u00e9dient en particulier est de plus en plus mis en lumi\u00e8re : l&rsquo;<strong>amadouvier<\/strong> \u2013 un champignon vital fascinant avec une longue histoire et un potentiel \u00e9tonnant. <\/p><p>Chez MyDocVita, nous misons sur ce que la nature a de mieux \u00e0 offrir. Nos gammes de soins combinent des recettes modernes avec la puissance d&rsquo;ingr\u00e9dients naturels \u00e9prouv\u00e9s. L&rsquo;amadouvier est au centre de cette d\u00e9marche \u2013 doux pour la peau, puissant dans son action, clair dans son origine.  <\/p><p>Qu&rsquo;est-ce qui rend ce champignon forestier si sp\u00e9cial ? Comment s&rsquo;int\u00e8gre-t-il dans ta routine quotidienne de soins de la peau ? Et pourquoi les cosm\u00e9tiques naturels \u00e0 l&rsquo;amadouvier sont-ils plus qu&rsquo;une tendance ? Plongeons ensemble dans le sujet.   <\/p>\t\t\t\t\t\t\t\t<\/div>\n\t\t\t\t<\/div>\n\t\t\t\t<div class=\"elementor-element elementor-element-83bf12f elementor-widget elementor-widget-heading\" data-id=\"83bf12f\" data-element_type=\"widget\" data-e-type=\"widget\" data-widget_type=\"heading.default\">\n\t\t\t\t<div class=\"elementor-widget-container\">\n\t\t\t\t\t<h2 class=\"elementor-heading-title elementor-size-default\">La force de la for\u00eat : L'amadouvier dans les cosm\u00e9tiques naturels<\/h2>\t\t\t\t<\/div>\n\t\t\t\t<\/div>\n\t\t\t\t<div class=\"elementor-element elementor-element-a663432 elementor-widget elementor-widget-text-editor\" data-id=\"a663432\" data-element_type=\"widget\" data-e-type=\"widget\" data-widget_type=\"text-editor.default\">\n\t\t\t\t<div class=\"elementor-widget-container\">\n\t\t\t\t\t\t\t\t\t<h3>Un champignon avec une histoire \u2013 et un avenir<\/h3><p>L&rsquo;amadouvier (Fomes fomentarius) est un ancien habitant des for\u00eats, appr\u00e9ci\u00e9 depuis des mill\u00e9naires. Autrefois, il \u00e9tait principalement utilis\u00e9 comme amadou \u2013 d&rsquo;o\u00f9 son nom. Aujourd&rsquo;hui, il est mis en lumi\u00e8re dans un tout nouveau contexte : comme ingr\u00e9dient naturel aux usages multiples dans les cosm\u00e9tiques naturels.  <\/p><p>Sa particularit\u00e9 r\u00e9side dans sa composition : il contient des <strong>b\u00eata-glucanes<\/strong>, de la <strong>chitine<\/strong>, des polyph\u00e9nols et d&rsquo;autres substances bioactives qui en font un v\u00e9ritable super-aliment pour la peau \u2013 sans aucun additif synth\u00e9tique.<\/p><p>Dans la m\u00e9decine naturelle traditionnelle europ\u00e9enne, l&rsquo;amadouvier jouait un r\u00f4le important. La recherche moderne s&rsquo;y rattache et analyse ses composants pour leur applicabilit\u00e9 cosm\u00e9tique \u2013 avec des r\u00e9sultats impressionnants. <\/p><p>MyDocVita utilise exclusivement des mati\u00e8res premi\u00e8res issues d&rsquo;une cueillette sauvage durable et contr\u00f4l\u00e9e. Cela signifie : une nature pure, r\u00e9colt\u00e9e avec soin, trait\u00e9e en douceur \u2013 dans le respect de l&rsquo;\u00e9cosyst\u00e8me forestier. <\/p>\t\t\t\t\t\t\t\t<\/div>\n\t\t\t\t<\/div>\n\t\t\t\t<div class=\"elementor-element elementor-element-ffb82db elementor-widget elementor-widget-heading\" data-id=\"ffb82db\" data-element_type=\"widget\" data-e-type=\"widget\" data-widget_type=\"heading.default\">\n\t\t\t\t<div class=\"elementor-widget-container\">\n\t\t\t\t\t<h2 class=\"elementor-heading-title elementor-size-default\">Doux pour la peau \u2013 avec un accent clair sur le naturel<\/h2>\t\t\t\t<\/div>\n\t\t\t\t<\/div>\n\t\t\t\t<div class=\"elementor-element elementor-element-6c0572f elementor-widget elementor-widget-text-editor\" data-id=\"6c0572f\" data-element_type=\"widget\" data-e-type=\"widget\" data-widget_type=\"text-editor.default\">\n\t\t\t\t<div class=\"elementor-widget-container\">\n\t\t\t\t\t\t\t\t\t<p>Les cosm\u00e9tiques naturels sont plus qu&rsquo;une \u00e9tiquette. Ils repr\u00e9sentent une compr\u00e9hension holistique du soin. Nos formulations \u00e0 base d&rsquo;amadouvier renoncent syst\u00e9matiquement aux parfums synth\u00e9tiques, aux microplastiques, aux parab\u00e8nes ou aux huiles min\u00e9rales.  <\/p><p>Au lieu de cela, nous misons sur la puret\u00e9 et l&rsquo;\u00e9quilibre. La texture douce de nos cr\u00e8mes et s\u00e9rums procure une sensation agr\u00e9able sur la peau \u2013 sans l&rsquo;alourdir ni l&rsquo;irriter. <\/p><p>Qu&rsquo;il s&rsquo;agisse de peaux sensibles, s\u00e8ches ou matures \u2013 les produits \u00e0 base d&rsquo;amadouvier conviennent parfaitement \u00e0 tous les types de peau, car ils sont particuli\u00e8rement doux et bien tol\u00e9r\u00e9s.<\/p><p><strong>Notre promesse de qualit\u00e9 :<\/strong><\/p><ul><li>V\u00e9g\u00e9talien &amp; sans cruaut\u00e9 animale<\/li><li>Fabriqu\u00e9 en Allemagne<\/li><li>Test\u00e9 dermatologiquement<\/li><li>Sans alcool, silicones ni PEG<\/li><li>Dans des emballages recyclables<\/li><\/ul>\t\t\t\t\t\t\t\t<\/div>\n\t\t\t\t<\/div>\n\t\t\t\t<div class=\"elementor-element elementor-element-8467ed9 elementor-widget elementor-widget-heading\" data-id=\"8467ed9\" data-element_type=\"widget\" data-e-type=\"widget\" data-widget_type=\"heading.default\">\n\t\t\t\t<div class=\"elementor-widget-container\">\n\t\t\t\t\t<h2 class=\"elementor-heading-title elementor-size-default\">De la for\u00eat \u00e0 la routine de soins \u2013 comment int\u00e9grer les cosm\u00e9tiques naturels \u00e0 l'amadouvier<\/h2>\t\t\t\t<\/div>\n\t\t\t\t<\/div>\n\t\t\t\t<div class=\"elementor-element elementor-element-0766dd4 elementor-widget elementor-widget-text-editor\" data-id=\"0766dd4\" data-element_type=\"widget\" data-e-type=\"widget\" data-widget_type=\"text-editor.default\">\n\t\t\t\t<div class=\"elementor-widget-container\">\n\t\t\t\t\t\t\t\t\t<h3>Simple, efficace, apaisant<\/h3><p class=\"\" data-start=\"3676\" data-end=\"3851\">Le soin quotidien de la peau est plus qu&rsquo;un rituel \u2013 c&rsquo;est un moment de pleine conscience. Nos produits cosm\u00e9tiques naturels \u00e0 l&rsquo;amadouvier s&rsquo;int\u00e8grent parfaitement \u00e0 ta routine. <\/p><p class=\"\" data-start=\"3853\" data-end=\"4079\">Que ce soit le matin pour bien commencer la journ\u00e9e ou le soir pour la r\u00e9g\u00e9n\u00e9ration : une mousse nettoyante douce, une cr\u00e8me hydratante ou un s\u00e9rum revitalisant peuvent faire la diff\u00e9rence \u2013 pour l&rsquo;aspect de ta peau et ton bien-\u00eatre.<\/p><p class=\"\" data-start=\"4081\" data-end=\"4117\"><strong>L&rsquo;application est tr\u00e8s simple :<\/strong><\/p><ol><li data-start=\"4121\" data-end=\"4213\">Nettoie d\u00e9licatement ta peau \u2013 id\u00e9alement avec de l&rsquo;eau ti\u00e8de et une mousse nettoyante douce.<\/li><li data-start=\"4217\" data-end=\"4309\">Applique le soin \u2013 une petite quantit\u00e9 suffit, car nos formulations sont tr\u00e8s concentr\u00e9es.<\/li><li data-start=\"4313\" data-end=\"4378\">Profite \u2013 ressens consciemment ce que la nature procure sur ta peau.<\/li><\/ol><p class=\"\" data-start=\"4380\" data-end=\"4551\">Notre conseil : Compl\u00e8te tes soins par un mode de vie conscient. L&rsquo;amadouvier symbolise l&rsquo;ancrage, le calme et l&rsquo;\u00e9quilibre \u2013 un rappel de respirer plus souvent. <\/p>\t\t\t\t\t\t\t\t<\/div>\n\t\t\t\t<\/div>\n\t\t\t\t<div class=\"elementor-element elementor-element-9935748 elementor-widget elementor-widget-heading\" data-id=\"9935748\" data-element_type=\"widget\" data-e-type=\"widget\" data-widget_type=\"heading.default\">\n\t\t\t\t<div class=\"elementor-widget-container\">\n\t\t\t\t\t<h2 class=\"elementor-heading-title elementor-size-default\">Amadouvier vs. cosm\u00e9tiques naturels classiques \u2013 quelle est la diff\u00e9rence ?<\/h2>\t\t\t\t<\/div>\n\t\t\t\t<\/div>\n\t\t\t\t<div class=\"elementor-element elementor-element-ce6455d elementor-widget elementor-widget-text-editor\" data-id=\"ce6455d\" data-element_type=\"widget\" data-e-type=\"widget\" data-widget_type=\"text-editor.default\">\n\t\t\t\t<div class=\"elementor-widget-container\">\n\t\t\t\t\t\t\t\t\t<p>De nombreuses marques de cosm\u00e9tiques naturels misent principalement sur les huiles v\u00e9g\u00e9tales, les hydrolats ou les essences essentielles. C&rsquo;est sans aucun doute pr\u00e9cieux, car ces ingr\u00e9dients proviennent de la nature et sont \u00e9prouv\u00e9s dans les soins doux de la peau. N\u00e9anmoins, l&rsquo;amadouvier apporte de nouvelles impulsions au monde des cosm\u00e9tiques naturels \u2013 tant par son origine particuli\u00e8re que par sa polyvalence.  <\/p><p>Il combine le meilleur des deux mondes : d&rsquo;une part, la puissance originelle de la for\u00eat, d&rsquo;autre part, des formulations modernes d\u00e9velopp\u00e9es \u00e0 partir d&rsquo;ingr\u00e9dients soigneusement test\u00e9s. Alors que les cosm\u00e9tiques naturels classiques mettent principalement en avant les propri\u00e9t\u00e9s nourrissantes, l&rsquo;amadouvier les compl\u00e8te naturellement par un composant qui s&rsquo;int\u00e8gre en douceur, harmonieusement et efficacement dans la routine de soins quotidienne. <\/p><p>Il peut former sur la peau un film d\u00e9licat, \u00e0 peine perceptible, qui procure une sensation agr\u00e9able \u2013 sans alourdir ni sceller la peau. Cela permet de conserver une sensation naturelle et libre sur la peau, m\u00eame lorsque des influences ext\u00e9rieures telles que le vent, les intemp\u00e9ries ou la pollution urbaine font partie du quotidien. C&rsquo;est pr\u00e9cis\u00e9ment cette combinaison \u00e9quilibr\u00e9e qui fait de nos produits un choix populaire \u2013 tant pour les citadins au mode de vie actif que pour les amoureux de la nature et tous ceux qui souhaitent accorder une attention consciente et r\u00e9guli\u00e8re \u00e0 leur peau.  <\/p>\t\t\t\t\t\t\t\t<\/div>\n\t\t\t\t<\/div>\n\t\t\t\t<div class=\"elementor-element elementor-element-1e58597 elementor-widget elementor-widget-heading\" data-id=\"1e58597\" data-element_type=\"widget\" data-e-type=\"widget\" data-widget_type=\"heading.default\">\n\t\t\t\t<div class=\"elementor-widget-container\">\n\t\t\t\t\t<h2 class=\"elementor-heading-title elementor-size-default\">Pourquoi MyDocVita ? La qualit\u00e9 rencontre l'innovation <\/h2>\t\t\t\t<\/div>\n\t\t\t\t<\/div>\n\t\t\t\t<div class=\"elementor-element elementor-element-ca3d37d elementor-widget elementor-widget-text-editor\" data-id=\"ca3d37d\" data-element_type=\"widget\" data-e-type=\"widget\" data-widget_type=\"text-editor.default\">\n\t\t\t\t<div class=\"elementor-widget-container\">\n\t\t\t\t\t\t\t\t\t<p>Nos cosm\u00e9tiques naturels sont le r\u00e9sultat de plus de dix ans de recherche, de passion et du d\u00e9sir profond de cr\u00e9er quelque chose de meilleur.<\/p><p>Chaque produit est soumis \u00e0 des contr\u00f4les de qualit\u00e9 stricts dans des laboratoires ind\u00e9pendants. Nous travaillons en \u00e9troite collaboration avec des experts en microbiologie, pharmacologie et botanique. <\/p><p><strong>Nos particularit\u00e9s en un coup d&rsquo;\u0153il :<\/strong><\/p><ul><li>Utilisation d&rsquo;extraits d&rsquo;amadouvier de haute puret\u00e9<\/li><li>Combinaison avec des principes actifs v\u00e9g\u00e9taux s\u00e9lectionn\u00e9s tels que l&rsquo;aloe vera, la camomille ou l&rsquo;argousier<\/li><li>Formulations innovantes avec une tol\u00e9rance cutan\u00e9e optimale<\/li><li>Fabrication durable avec une production \u00e0 faible \u00e9mission de CO\u2082<\/li><li>Emballages recyclables &amp; circuits de livraison courts<\/li><\/ul><p>Nous croyons non seulement en la force de la nature, mais aussi en la transparence et l&rsquo;honn\u00eatet\u00e9. C&rsquo;est pourquoi tu trouveras chez nous non seulement des informations claires sur les ingr\u00e9dients, mais aussi des explications compr\u00e9hensibles et un v\u00e9ritable sens des responsabilit\u00e9s envers l&rsquo;homme, la nature et la qualit\u00e9. <\/p>\t\t\t\t\t\t\t\t<\/div>\n\t\t\t\t<\/div>\n\t\t\t\t<div class=\"elementor-element elementor-element-e89d453 elementor-widget elementor-widget-heading\" data-id=\"e89d453\" data-element_type=\"widget\" data-e-type=\"widget\" data-widget_type=\"heading.default\">\n\t\t\t\t<div class=\"elementor-widget-container\">\n\t\t\t\t\t<h2 class=\"elementor-heading-title elementor-size-default\">Fais confiance \u00e0 ta peau \u2013 et \u00e0 la nature<\/h2>\t\t\t\t<\/div>\n\t\t\t\t<\/div>\n\t\t\t\t<div class=\"elementor-element elementor-element-b8aa88a elementor-widget elementor-widget-text-editor\" data-id=\"b8aa88a\" data-element_type=\"widget\" data-e-type=\"widget\" data-widget_type=\"text-editor.default\">\n\t\t\t\t<div class=\"elementor-widget-container\">\n\t\t\t\t\t\t\t\t\t<p>La d\u00e9cision d&rsquo;opter pour les cosm\u00e9tiques naturels est toujours une d\u00e9claration. Pour la pleine conscience. Pour la conscience environnementale. Et pour une qualit\u00e9 qui convainc.   <\/p><p>Chez MyDocVita, tu ne re\u00e7ois pas de vaines promesses, mais plut\u00f4t des soins honn\u00eates et bien pens\u00e9s \u2013 inspir\u00e9s par la force de la nature et d\u00e9velopp\u00e9s sur la base de m\u00e9thodes modernes et scientifiquement fond\u00e9es.<\/p><p><strong>Nos produits sont :<\/strong><\/p><ul><li>V\u00e9g\u00e9taliens<\/li><li>Test\u00e9s en laboratoire<\/li><li>Sans additifs<\/li><li>Fabriqu\u00e9 en Allemagne<\/li><li>Emball\u00e9s de mani\u00e8re durable<\/li><\/ul><p>D\u00e9couvre maintenant : <a href=\"https:\/\/mydocvita.lu\/fr\/cosmetiques-naturels\/\">https:\/\/mydocvita.lu\/naturkosmetik\/<\/a><\/p>\t\t\t\t\t\t\t\t<\/div>\n\t\t\t\t<\/div>\n\t\t\t\t<div class=\"elementor-element elementor-element-76e67ed elementor-widget elementor-widget-heading\" data-id=\"76e67ed\" data-element_type=\"widget\" data-e-type=\"widget\" data-widget_type=\"heading.default\">\n\t\t\t\t<div class=\"elementor-widget-container\">\n\t\t\t\t\t<h2 class=\"elementor-heading-title elementor-size-default\">Conclusion : Moins c'est plus \u2013 et la nature peut tant offrir<\/h2>\t\t\t\t<\/div>\n\t\t\t\t<\/div>\n\t\t\t\t<div class=\"elementor-element elementor-element-53de319 elementor-widget elementor-widget-text-editor\" data-id=\"53de319\" data-element_type=\"widget\" data-e-type=\"widget\" data-widget_type=\"text-editor.default\">\n\t\t\t\t<div class=\"elementor-widget-container\">\n\t\t\t\t\t\t\t\t\t<p>Les cosm\u00e9tiques naturels \u00e0 l&rsquo;amadouvier ne sont pas une tendance \u00e9ph\u00e9m\u00e8re \u2013 ils sont l&rsquo;expression d&rsquo;une nouvelle conscience des soins.<\/p><p>Une approche consciente de sa propre peau commence par le choix minutieux des produits adapt\u00e9s. Car choisir MyDocVita, ce n&rsquo;est pas seulement choisir la qualit\u00e9, mais aussi une gestion attentive et respectueuse des ressources, de sa propre peau et de l&rsquo;\u00e9quilibre int\u00e9rieur du corps et de l&rsquo;\u00e2me. <\/p><p>Laisse-toi inspirer par la force de la for\u00eat. Ressens comment la nature agit sur ta peau \u2013 pure, douce et honn\u00eate. <\/p><p><strong>Essaie \u2013 ta peau te remerciera.<\/strong><\/p><p>D\u00e9couvre maintenant les cosm\u00e9tiques naturels MyDocVita : <a href=\"https:\/\/mydocvita.com\/naturkosmetik\/\">https:\/\/mydocvita.com\/naturkosmetik\/<\/a><\/p>\t\t\t\t\t\t\t\t<\/div>\n\t\t\t\t<\/div>\n\t\t\t\t\t<\/div>\n\t\t\t\t<\/div>\n\t\t<div class=\"elementor-element elementor-element-579e84f e-con-full e-flex e-con e-parent\" data-id=\"579e84f\" data-element_type=\"container\" data-e-type=\"container\">\n\t\t\t\t<div class=\"elementor-element elementor-element-d3c7c29 elementor-widget elementor-widget-image\" data-id=\"d3c7c29\" data-element_type=\"widget\" data-e-type=\"widget\" data-widget_type=\"image.default\">\n\t\t\t\t<div class=\"elementor-widget-container\">\n\t\t\t\t\t\t\t\t\t\t\t\t\t\t\t<img decoding=\"async\" width=\"1280\" height=\"600\" src=\"https:\/\/mydocvita.lu\/wp-content\/uploads\/2025\/04\/Zunderschwamm-am-Baum.jpg\" class=\"attachment-full size-full wp-image-6003\" alt=\"Amadouvier sur l&#039;arbre\" srcset=\"https:\/\/mydocvita.lu\/wp-content\/uploads\/2025\/04\/Zunderschwamm-am-Baum.jpg 1280w, https:\/\/mydocvita.lu\/wp-content\/uploads\/2025\/04\/Zunderschwamm-am-Baum-300x141.jpg 300w, https:\/\/mydocvita.lu\/wp-content\/uploads\/2025\/04\/Zunderschwamm-am-Baum-1024x480.jpg 1024w, https:\/\/mydocvita.lu\/wp-content\/uploads\/2025\/04\/Zunderschwamm-am-Baum-768x360.jpg 768w\" sizes=\"(max-width: 1280px) 100vw, 1280px\" \/>\t\t\t\t\t\t\t\t\t\t\t\t\t\t\t<\/div>\n\t\t\t\t<\/div>\n\t\t\t\t<\/div>\n\t\t\t\t<\/div>\n\t\t","protected":false},"excerpt":{"rendered":"<p>Une peau naturellement belle commence par la confiance \u2013 et par l&rsquo;amadouvier La peau est notre plus grand organe \u2013 [&hellip;]<\/p>\n","protected":false},"author":1,"featured_media":0,"parent":0,"menu_order":0,"comment_status":"closed","ping_status":"closed","template":"","meta":{"site-sidebar-layout":"no-sidebar","site-content-layout":"","ast-site-content-layout":"full-width-container","site-content-style":"default","site-sidebar-style":"default","ast-global-header-display":"","ast-banner-title-visibility":"","ast-main-header-display":"","ast-hfb-above-header-display":"","ast-hfb-below-header-display":"","ast-hfb-mobile-header-display":"","site-post-title":"disabled","ast-breadcrumbs-content":"","ast-featured-img":"disabled","footer-sml-layout":"","ast-disable-related-posts":"","theme-transparent-header-meta":"","adv-header-id-meta":"","stick-header-meta":"","header-above-stick-meta":"","header-main-stick-meta":"","header-below-stick-meta":"","astra-migrate-meta-layouts":"default","ast-page-background-enabled":"default","ast-page-background-meta":{"desktop":{"background-color":"var(--ast-global-color-4)","background-image":"","background-repeat":"repeat","background-position":"center center","background-size":"auto","background-attachment":"scroll","background-type":"","background-media":"","overlay-type":"","overlay-color":"","overlay-opacity":"","overlay-gradient":""},"tablet":{"background-color":"","background-image":"","background-repeat":"repeat","background-position":"center center","background-size":"auto","background-attachment":"scroll","background-type":"","background-media":"","overlay-type":"","overlay-color":"","overlay-opacity":"","overlay-gradient":""},"mobile":{"background-color":"","background-image":"","background-repeat":"repeat","background-position":"center center","background-size":"auto","background-attachment":"scroll","background-type":"","background-media":"","overlay-type":"","overlay-color":"","overlay-opacity":"","overlay-gradient":""}},"ast-content-background-meta":{"desktop":{"background-color":"var(--ast-global-color-5)","background-image":"","background-repeat":"repeat","background-position":"center center","background-size":"auto","background-attachment":"scroll","background-type":"","background-media":"","overlay-type":"","overlay-color":"","overlay-opacity":"","overlay-gradient":""},"tablet":{"background-color":"var(--ast-global-color-5)","background-image":"","background-repeat":"repeat","background-position":"center center","background-size":"auto","background-attachment":"scroll","background-type":"","background-media":"","overlay-type":"","overlay-color":"","overlay-opacity":"","overlay-gradient":""},"mobile":{"background-color":"var(--ast-global-color-5)","background-image":"","background-repeat":"repeat","background-position":"center center","background-size":"auto","background-attachment":"scroll","background-type":"","background-media":"","overlay-type":"","overlay-color":"","overlay-opacity":"","overlay-gradient":""}},"footnotes":""},"class_list":["post-7827","page","type-page","status-publish","hentry"],"_links":{"self":[{"href":"https:\/\/mydocvita.lu\/fr\/wp-json\/wp\/v2\/pages\/7827","targetHints":{"allow":["GET"]}}],"collection":[{"href":"https:\/\/mydocvita.lu\/fr\/wp-json\/wp\/v2\/pages"}],"about":[{"href":"https:\/\/mydocvita.lu\/fr\/wp-json\/wp\/v2\/types\/page"}],"author":[{"embeddable":true,"href":"https:\/\/mydocvita.lu\/fr\/wp-json\/wp\/v2\/users\/1"}],"replies":[{"embeddable":true,"href":"https:\/\/mydocvita.lu\/fr\/wp-json\/wp\/v2\/comments?post=7827"}],"version-history":[{"count":1,"href":"https:\/\/mydocvita.lu\/fr\/wp-json\/wp\/v2\/pages\/7827\/revisions"}],"predecessor-version":[{"id":7828,"href":"https:\/\/mydocvita.lu\/fr\/wp-json\/wp\/v2\/pages\/7827\/revisions\/7828"}],"wp:attachment":[{"href":"https:\/\/mydocvita.lu\/fr\/wp-json\/wp\/v2\/media?parent=7827"}],"curies":[{"name":"wp","href":"https:\/\/api.w.org\/{rel}","templated":true}]}}