{"id":7862,"date":"2025-05-04T01:12:59","date_gmt":"2025-05-04T01:12:59","guid":{"rendered":"https:\/\/mydocvita.lu\/recherche-responsabilite-notre-promesse-de-qualite\/"},"modified":"2026-04-20T16:19:58","modified_gmt":"2026-04-20T16:19:58","slug":"recherche-responsabilite-notre-promesse-de-qualite","status":"publish","type":"page","link":"https:\/\/mydocvita.lu\/fr\/recherche-responsabilite-notre-promesse-de-qualite\/","title":{"rendered":"Recherche &amp; responsabilit\u00e9 \u2013 notre promesse de qualit\u00e9"},"content":{"rendered":"\t\t<div data-elementor-type=\"wp-page\" data-elementor-id=\"7862\" class=\"elementor elementor-7862 elementor-6217\" data-elementor-post-type=\"page\">\n\t\t\t\t<div class=\"elementor-element elementor-element-63a77457 e-con-full e-flex e-con e-parent\" data-id=\"63a77457\" data-element_type=\"container\" data-e-type=\"container\">\n\t\t\t\t<div class=\"elementor-element elementor-element-f59e1d2 elementor-widget elementor-widget-image\" data-id=\"f59e1d2\" data-element_type=\"widget\" data-e-type=\"widget\" data-widget_type=\"image.default\">\n\t\t\t\t<div class=\"elementor-widget-container\">\n\t\t\t\t\t\t\t\t\t\t\t\t\t\t\t<img fetchpriority=\"high\" decoding=\"async\" width=\"1280\" height=\"600\" src=\"https:\/\/mydocvita.lu\/wp-content\/uploads\/2025\/05\/Zunderschwamm-an-liegendem-Baum.jpg\" class=\"attachment-full size-full wp-image-6221\" alt=\"Amadouvier\" srcset=\"https:\/\/mydocvita.lu\/wp-content\/uploads\/2025\/05\/Zunderschwamm-an-liegendem-Baum.jpg 1280w, https:\/\/mydocvita.lu\/wp-content\/uploads\/2025\/05\/Zunderschwamm-an-liegendem-Baum-300x141.jpg 300w, https:\/\/mydocvita.lu\/wp-content\/uploads\/2025\/05\/Zunderschwamm-an-liegendem-Baum-1024x480.jpg 1024w, https:\/\/mydocvita.lu\/wp-content\/uploads\/2025\/05\/Zunderschwamm-an-liegendem-Baum-768x360.jpg 768w\" sizes=\"(max-width: 1280px) 100vw, 1280px\" \/>\t\t\t\t\t\t\t\t\t\t\t\t\t\t\t<\/div>\n\t\t\t\t<\/div>\n\t\t\t\t<\/div>\n\t\t<div class=\"elementor-element elementor-element-2bbaaf1d e-flex e-con-boxed e-con e-parent\" data-id=\"2bbaaf1d\" data-element_type=\"container\" data-e-type=\"container\">\n\t\t\t\t\t<div class=\"e-con-inner\">\n\t\t\t\t<div class=\"elementor-element elementor-element-31ceac0c elementor-widget elementor-widget-heading\" data-id=\"31ceac0c\" data-element_type=\"widget\" data-e-type=\"widget\" data-widget_type=\"heading.default\">\n\t\t\t\t<div class=\"elementor-widget-container\">\n\t\t\t\t\t<h2 class=\"elementor-heading-title elementor-size-default\">Ta vie m\u00e9rite la qualit\u00e9. Nos compl\u00e9ments alimentaires aussi. <\/h2>\t\t\t\t<\/div>\n\t\t\t\t<\/div>\n\t\t\t\t<div class=\"elementor-element elementor-element-6ce8f47f elementor-widget elementor-widget-text-editor\" data-id=\"6ce8f47f\" data-element_type=\"widget\" data-e-type=\"widget\" data-widget_type=\"text-editor.default\">\n\t\t\t\t<div class=\"elementor-widget-container\">\n\t\t\t\t\t\t\t\t\t<p>Tu fais attention \u00e0 ta sant\u00e9, tu manges consciemment et tu ne veux que le meilleur pour ton corps ? Alors tu sais : tous les produits ne tiennent pas leurs promesses. Chez MyDocVita, nous misons donc sur un objectif clair : recherche, responsabilit\u00e9 et qualit\u00e9. Nous combinons le savoir-faire scientifique avec des ingr\u00e9dients naturels \u2013 pour des compl\u00e9ments alimentaires et des cosm\u00e9tiques naturels sur lesquels tu peux compter.<br>Dans un monde rempli de tendances \u00e9ph\u00e9m\u00e8res et de promesses publicitaires vides, il faut une marque qui revient aux sources. \u00c0 la vraie recherche. \u00c0 la responsabilit\u00e9. \u00c0 une promesse de qualit\u00e9 qui ne figure pas seulement sur l&rsquo;\u00e9tiquette, mais qui vit dans le produit.<br>Bienvenue chez MyDocVita.      <\/p>\t\t\t\t\t\t\t\t<\/div>\n\t\t\t\t<\/div>\n\t\t\t\t<div class=\"elementor-element elementor-element-5e46d5bb elementor-widget elementor-widget-heading\" data-id=\"5e46d5bb\" data-element_type=\"widget\" data-e-type=\"widget\" data-widget_type=\"heading.default\">\n\t\t\t\t<div class=\"elementor-widget-container\">\n\t\t\t\t\t<h2 class=\"elementor-heading-title elementor-size-default\">Recherche &amp; responsabilit\u00e9 : ce qui fait notre promesse de qualit\u00e9<\/h2>\t\t\t\t<\/div>\n\t\t\t\t<\/div>\n\t\t\t\t<div class=\"elementor-element elementor-element-3cf8bce9 elementor-widget elementor-widget-text-editor\" data-id=\"3cf8bce9\" data-element_type=\"widget\" data-e-type=\"widget\" data-widget_type=\"text-editor.default\">\n\t\t\t\t<div class=\"elementor-widget-container\">\n\t\t\t\t\t\t\t\t\t<h3>La force de l&rsquo;amadouvier \u2013 une mati\u00e8re premi\u00e8re naturelle charg\u00e9e d&rsquo;histoire<\/h3><p>Nos compl\u00e9ments alimentaires reposent sur des mati\u00e8res premi\u00e8res soigneusement s\u00e9lectionn\u00e9es. L&rsquo;une d&rsquo;entre elles est l&rsquo;amadouvier \u2013 un champignon discret avec une longue tradition. Depuis des si\u00e8cles, des cultures du monde entier l&rsquo;utilisent pour ses propri\u00e9t\u00e9s particuli\u00e8res. Chez MyDocVita, nous en extrayons un complexe naturel de b\u00eata (1,3)-(1,6) D-glucane-m\u00e9lanine-chitine de haute qualit\u00e9, qui entre dans la composition de nos compl\u00e9ments alimentaires et cosm\u00e9tiques naturels.<br>L&rsquo;amadouvier provient d&rsquo;une cueillette sauvage durable et r\u00e9gionale. Nous travaillons avec des partenaires qui r\u00e9coltent et transforment selon des normes strictement contr\u00f4l\u00e9es. Ainsi, nous garantissons : seul le meilleur entre dans nos produits.     <\/p><h3>Origine contr\u00f4l\u00e9e \u2013 pour une transparence totale<\/h3><p class=\"\" data-start=\"2551\" data-end=\"2774\">Qu&rsquo;il s&rsquo;agisse d&rsquo;amadouvier, de vitamines ou de principes actifs v\u00e9g\u00e9taux \u2013 toutes les mati\u00e8res premi\u00e8res proviennent d&rsquo;une origine contr\u00f4l\u00e9e. Nos cha\u00eenes d&rsquo;approvisionnement sont courtes, nos partenaires r\u00e9gionaux. Chaque ingr\u00e9dient est tra\u00e7able, chaque lot document\u00e9. C&rsquo;est ainsi que naissent des compl\u00e9ments alimentaires et des cosm\u00e9tiques naturels qui inspirent confiance.   <\/p>\t\t\t\t\t\t\t\t<\/div>\n\t\t\t\t<\/div>\n\t\t\t\t<div class=\"elementor-element elementor-element-7052b932 elementor-widget elementor-widget-heading\" data-id=\"7052b932\" data-element_type=\"widget\" data-e-type=\"widget\" data-widget_type=\"heading.default\">\n\t\t\t\t<div class=\"elementor-widget-container\">\n\t\t\t\t\t<h2 class=\"elementor-heading-title elementor-size-default\">Comment utiliser nos produits<\/h2>\t\t\t\t<\/div>\n\t\t\t\t<\/div>\n\t\t\t\t<div class=\"elementor-element elementor-element-48544b9d elementor-widget elementor-widget-text-editor\" data-id=\"48544b9d\" data-element_type=\"widget\" data-e-type=\"widget\" data-widget_type=\"text-editor.default\">\n\t\t\t\t<div class=\"elementor-widget-container\">\n\t\t\t\t\t\t\t\t\t<p>Nos compl\u00e9ments alimentaires et cosm\u00e9tiques naturels sont con\u00e7us pour le quotidien. Simples d&rsquo;utilisation, faciles \u00e0 int\u00e9grer dans tes routines. <br><br>Le dosage est volontairement accessible \u2013 adapt\u00e9 \u00e0 un mode de vie sain et aux besoins d&rsquo;un quotidien moderne. Nous renon\u00e7ons aux agents de charge, colorants ou additifs inutiles. Ce que tu obtiens est clair, pur et efficace dans le cadre d&rsquo;une alimentation \u00e9quilibr\u00e9e.  <\/p>\t\t\t\t\t\t\t\t<\/div>\n\t\t\t\t<\/div>\n\t\t\t\t<div class=\"elementor-element elementor-element-61c2ffa8 elementor-widget elementor-widget-heading\" data-id=\"61c2ffa8\" data-element_type=\"widget\" data-e-type=\"widget\" data-widget_type=\"heading.default\">\n\t\t\t\t<div class=\"elementor-widget-container\">\n\t\t\t\t\t<h2 class=\"elementor-heading-title elementor-size-default\">Compl\u00e9ments alimentaires avec du sens : tes avantages au quotidien<\/h2>\t\t\t\t<\/div>\n\t\t\t\t<\/div>\n\t\t\t\t<div class=\"elementor-element elementor-element-575d50 elementor-widget elementor-widget-text-editor\" data-id=\"575d50\" data-element_type=\"widget\" data-e-type=\"widget\" data-widget_type=\"text-editor.default\">\n\t\t\t\t<div class=\"elementor-widget-container\">\n\t\t\t\t\t\t\t\t\t<h3>Plus de conscience au quotidien<\/h3><p>Nos produits favorisent des choix conscients. Que tu suives une alimentation v\u00e9gane, que tu passes aux cosm\u00e9tiques naturels ou que tu souhaites compl\u00e9ter ton apport en vitamines de mani\u00e8re cibl\u00e9e \u2013 MyDocVita t&rsquo;accompagne sur ton chemin vers plus de conscience. <\/p><h3>Puret\u00e9 sans compromis<\/h3><p>Ce qui se trouve dans nos produits n&rsquo;est pas le fruit du hasard. Pas de parfums synth\u00e9tiques. Pas d&rsquo;ingr\u00e9dients d&rsquo;origine animale. Pas de promesses vides. Mais une vraie responsabilit\u00e9 \u2013 de la s\u00e9lection des mati\u00e8res premi\u00e8res jusqu&rsquo;\u00e0 l&#8217;emballage.    <\/p>\t\t\t\t\t\t\t\t<\/div>\n\t\t\t\t<\/div>\n\t\t\t\t<div class=\"elementor-element elementor-element-1aaf63f7 elementor-widget elementor-widget-heading\" data-id=\"1aaf63f7\" data-element_type=\"widget\" data-e-type=\"widget\" data-widget_type=\"heading.default\">\n\t\t\t\t<div class=\"elementor-widget-container\">\n\t\t\t\t\t<h2 class=\"elementor-heading-title elementor-size-default\">Une diff\u00e9rence claire : pourquoi MyDocVita est diff\u00e9rent<\/h2>\t\t\t\t<\/div>\n\t\t\t\t<\/div>\n\t\t\t\t<div class=\"elementor-element elementor-element-9c88f26 elementor-widget elementor-widget-text-editor\" data-id=\"9c88f26\" data-element_type=\"widget\" data-e-type=\"widget\" data-widget_type=\"text-editor.default\">\n\t\t\t\t<div class=\"elementor-widget-container\">\n\t\t\t\t\t\t\t\t\t<h3>Compl\u00e9ments alimentaires, cosm\u00e9tiques naturels, vitamines : ce qui nous distingue<\/h3><p>De nombreux produits sur le march\u00e9 promettent beaucoup, tiennent peu. Chez MyDocVita, recherche et responsabilit\u00e9 ne sont pas des termes marketing, mais une pratique v\u00e9cue.<br>Nos compl\u00e9ments alimentaires reposent sur une expertise scientifique et des donn\u00e9es r\u00e9elles. Nos cosm\u00e9tiques naturels s&rsquo;orientent vers la tol\u00e9rance cutan\u00e9e, la puret\u00e9 et un design minimaliste. Et nos vitamines ? Soigneusement dos\u00e9es, combin\u00e9es en synergie, test\u00e9es en laboratoire.    <\/p><h3>Int\u00e9gration dans ton quotidien<\/h3><p>Qu&rsquo;il s&rsquo;agisse de g\u00e9lules, de poudre ou de cr\u00e8me \u2013 nos produits s&rsquo;int\u00e8grent parfaitement dans ta vie. Aucun effort. Aucune contrainte. Mais une invitation \u00e0 donner \u00e0 ton corps et \u00e0 ta peau ce dont ils ont besoin.   <\/p>\t\t\t\t\t\t\t\t<\/div>\n\t\t\t\t<\/div>\n\t\t\t\t<div class=\"elementor-element elementor-element-41ce3f24 elementor-widget elementor-widget-heading\" data-id=\"41ce3f24\" data-element_type=\"widget\" data-e-type=\"widget\" data-widget_type=\"heading.default\">\n\t\t\t\t<div class=\"elementor-widget-container\">\n\t\t\t\t\t<h2 class=\"elementor-heading-title elementor-size-default\">MyDocVita : notre promesse de qualit\u00e9<\/h2>\t\t\t\t<\/div>\n\t\t\t\t<\/div>\n\t\t\t\t<div class=\"elementor-element elementor-element-5945539 elementor-widget elementor-widget-text-editor\" data-id=\"5945539\" data-element_type=\"widget\" data-e-type=\"widget\" data-widget_type=\"text-editor.default\">\n\t\t\t\t<div class=\"elementor-widget-container\">\n\t\t\t\t\t\t\t\t\t<h3>Made in Germany et Austria<\/h3><p>Nos compl\u00e9ments alimentaires et cosm\u00e9tiques naturels sont d\u00e9velopp\u00e9s et produits en Allemagne ainsi qu&rsquo;en Autriche. Cela garantit des standards \u00e9lev\u00e9s et des circuits courts. <\/p><h3>V\u00e9gan &amp; sans additifs<\/h3><p>Tous les produits sont 100 % v\u00e9gans, exempts d&rsquo;additifs inutiles et ne contiennent aucun composant d&rsquo;origine animale.<\/p><h3>Test\u00e9s en laboratoire &amp; s\u00fbrs<\/h3><p>Des laboratoires ind\u00e9pendants contr\u00f4lent chaque lot. Ainsi, nous garantissons : nos vitamines et extraits tiennent leurs promesses. <\/p><h3>Durabilit\u00e9 au c\u0153ur de nos priorit\u00e9s<\/h3><p>De la s\u00e9lection de partenaires r\u00e9gionaux jusqu&rsquo;\u00e0 l&#8217;emballage recyclable \u2013 chez nous, la responsabilit\u00e9 fait partie du processus.<br>D\u00e9couvre maintenant : <a href=\"https:\/\/mydocvita.lu\/fr\/\">https:\/\/mydocvita.lu<\/a><\/p>\t\t\t\t\t\t\t\t<\/div>\n\t\t\t\t<\/div>\n\t\t\t\t<div class=\"elementor-element elementor-element-6e61f295 elementor-widget elementor-widget-heading\" data-id=\"6e61f295\" data-element_type=\"widget\" data-e-type=\"widget\" data-widget_type=\"heading.default\">\n\t\t\t\t<div class=\"elementor-widget-container\">\n\t\t\t\t\t<h2 class=\"elementor-heading-title elementor-size-default\">Conclusion : la responsabilit\u00e9 commence par le choix<\/h2>\t\t\t\t<\/div>\n\t\t\t\t<\/div>\n\t\t\t\t<div class=\"elementor-element elementor-element-35904e47 elementor-widget elementor-widget-text-editor\" data-id=\"35904e47\" data-element_type=\"widget\" data-e-type=\"widget\" data-widget_type=\"text-editor.default\">\n\t\t\t\t<div class=\"elementor-widget-container\">\n\t\t\t\t\t\t\t\t\t<p>Quand tu choisis MyDocVita, tu choisis plus qu&rsquo;un produit. Tu optes pour des compl\u00e9ments alimentaires, des cosm\u00e9tiques naturels et des vitamines d\u00e9velopp\u00e9s avec une vraie recherche et responsabilit\u00e9. Tu optes pour la transparence, la qualit\u00e9 et la durabilit\u00e9.<br>Nous croyons : chaque personne a le droit \u00e0 des produits honn\u00eates. Des produits qui ne sont pas seulement beaux, mais aussi bien faits.<br>Ton corps. Ta peau. Ton choix.<br>D\u00e9couvre maintenant : <a href=\"https:\/\/mydocvita.com\">https:\/\/mydocvita.com<\/a>     <\/p>\t\t\t\t\t\t\t\t<\/div>\n\t\t\t\t<\/div>\n\t\t\t\t\t<\/div>\n\t\t\t\t<\/div>\n\t\t<div class=\"elementor-element elementor-element-2ade2f3 e-con-full e-flex e-con e-parent\" data-id=\"2ade2f3\" data-element_type=\"container\" data-e-type=\"container\">\n\t\t\t\t<div class=\"elementor-element elementor-element-5ad91d0a elementor-widget elementor-widget-image\" data-id=\"5ad91d0a\" data-element_type=\"widget\" data-e-type=\"widget\" data-widget_type=\"image.default\">\n\t\t\t\t<div class=\"elementor-widget-container\">\n\t\t\t\t\t\t\t\t\t\t\t\t\t\t\t<img decoding=\"async\" width=\"1280\" height=\"600\" src=\"https:\/\/mydocvita.lu\/wp-content\/uploads\/2025\/05\/Zunderschwamm-am-Baum.jpg\" class=\"attachment-full size-full wp-image-6222\" alt=\"Amadou\" srcset=\"https:\/\/mydocvita.lu\/wp-content\/uploads\/2025\/05\/Zunderschwamm-am-Baum.jpg 1280w, https:\/\/mydocvita.lu\/wp-content\/uploads\/2025\/05\/Zunderschwamm-am-Baum-300x141.jpg 300w, https:\/\/mydocvita.lu\/wp-content\/uploads\/2025\/05\/Zunderschwamm-am-Baum-1024x480.jpg 1024w, https:\/\/mydocvita.lu\/wp-content\/uploads\/2025\/05\/Zunderschwamm-am-Baum-768x360.jpg 768w\" sizes=\"(max-width: 1280px) 100vw, 1280px\" \/>\t\t\t\t\t\t\t\t\t\t\t\t\t\t\t<\/div>\n\t\t\t\t<\/div>\n\t\t\t\t<\/div>\n\t\t\t\t<\/div>\n\t\t","protected":false},"excerpt":{"rendered":"<p>Ta vie m\u00e9rite la qualit\u00e9. Nos compl\u00e9ments alimentaires aussi. Tu fais attention \u00e0 ta sant\u00e9, tu manges consciemment et tu [&hellip;]<\/p>\n","protected":false},"author":1,"featured_media":0,"parent":0,"menu_order":0,"comment_status":"closed","ping_status":"closed","template":"","meta":{"site-sidebar-layout":"no-sidebar","site-content-layout":"","ast-site-content-layout":"full-width-container","site-content-style":"default","site-sidebar-style":"default","ast-global-header-display":"","ast-banner-title-visibility":"","ast-main-header-display":"","ast-hfb-above-header-display":"","ast-hfb-below-header-display":"","ast-hfb-mobile-header-display":"","site-post-title":"disabled","ast-breadcrumbs-content":"","ast-featured-img":"disabled","footer-sml-layout":"","ast-disable-related-posts":"","theme-transparent-header-meta":"","adv-header-id-meta":"","stick-header-meta":"","header-above-stick-meta":"","header-main-stick-meta":"","header-below-stick-meta":"","astra-migrate-meta-layouts":"default","ast-page-background-enabled":"default","ast-page-background-meta":{"desktop":{"background-color":"var(--ast-global-color-4)","background-image":"","background-repeat":"repeat","background-position":"center center","background-size":"auto","background-attachment":"scroll","background-type":"","background-media":"","overlay-type":"","overlay-color":"","overlay-opacity":"","overlay-gradient":""},"tablet":{"background-color":"","background-image":"","background-repeat":"repeat","background-position":"center center","background-size":"auto","background-attachment":"scroll","background-type":"","background-media":"","overlay-type":"","overlay-color":"","overlay-opacity":"","overlay-gradient":""},"mobile":{"background-color":"","background-image":"","background-repeat":"repeat","background-position":"center center","background-size":"auto","background-attachment":"scroll","background-type":"","background-media":"","overlay-type":"","overlay-color":"","overlay-opacity":"","overlay-gradient":""}},"ast-content-background-meta":{"desktop":{"background-color":"var(--ast-global-color-5)","background-image":"","background-repeat":"repeat","background-position":"center center","background-size":"auto","background-attachment":"scroll","background-type":"","background-media":"","overlay-type":"","overlay-color":"","overlay-opacity":"","overlay-gradient":""},"tablet":{"background-color":"var(--ast-global-color-5)","background-image":"","background-repeat":"repeat","background-position":"center center","background-size":"auto","background-attachment":"scroll","background-type":"","background-media":"","overlay-type":"","overlay-color":"","overlay-opacity":"","overlay-gradient":""},"mobile":{"background-color":"var(--ast-global-color-5)","background-image":"","background-repeat":"repeat","background-position":"center center","background-size":"auto","background-attachment":"scroll","background-type":"","background-media":"","overlay-type":"","overlay-color":"","overlay-opacity":"","overlay-gradient":""}},"footnotes":""},"class_list":["post-7862","page","type-page","status-publish","hentry"],"_links":{"self":[{"href":"https:\/\/mydocvita.lu\/fr\/wp-json\/wp\/v2\/pages\/7862","targetHints":{"allow":["GET"]}}],"collection":[{"href":"https:\/\/mydocvita.lu\/fr\/wp-json\/wp\/v2\/pages"}],"about":[{"href":"https:\/\/mydocvita.lu\/fr\/wp-json\/wp\/v2\/types\/page"}],"author":[{"embeddable":true,"href":"https:\/\/mydocvita.lu\/fr\/wp-json\/wp\/v2\/users\/1"}],"replies":[{"embeddable":true,"href":"https:\/\/mydocvita.lu\/fr\/wp-json\/wp\/v2\/comments?post=7862"}],"version-history":[{"count":4,"href":"https:\/\/mydocvita.lu\/fr\/wp-json\/wp\/v2\/pages\/7862\/revisions"}],"predecessor-version":[{"id":7867,"href":"https:\/\/mydocvita.lu\/fr\/wp-json\/wp\/v2\/pages\/7862\/revisions\/7867"}],"wp:attachment":[{"href":"https:\/\/mydocvita.lu\/fr\/wp-json\/wp\/v2\/media?parent=7862"}],"curies":[{"name":"wp","href":"https:\/\/api.w.org\/{rel}","templated":true}]}}