{"id":7631,"date":"2024-01-20T01:53:08","date_gmt":"2024-01-20T01:53:08","guid":{"rendered":"https:\/\/mydocvita.lu\/azienda\/"},"modified":"2026-03-28T09:11:42","modified_gmt":"2026-03-28T09:11:42","slug":"azienda","status":"publish","type":"page","link":"https:\/\/mydocvita.lu\/it\/azienda\/","title":{"rendered":"Azienda"},"content":{"rendered":"\t\t<div data-elementor-type=\"wp-page\" data-elementor-id=\"7631\" class=\"elementor elementor-7631 elementor-4740\" data-elementor-post-type=\"page\">\n\t\t\t\t\t\t<section class=\"elementor-section elementor-top-section elementor-element elementor-element-452a85d8 elementor-section-full_width elementor-section-height-min-height elementor-section-height-default elementor-section-items-middle\" data-id=\"452a85d8\" data-element_type=\"section\" data-e-type=\"section\" data-settings=\"{&quot;background_background&quot;:&quot;classic&quot;}\">\n\t\t\t\t\t\t<div class=\"elementor-container elementor-column-gap-default\">\n\t\t\t\t\t<div class=\"elementor-column elementor-col-100 elementor-top-column elementor-element elementor-element-5567c9c3\" data-id=\"5567c9c3\" data-element_type=\"column\" data-e-type=\"column\" data-settings=\"{&quot;background_background&quot;:&quot;slideshow&quot;,&quot;background_slideshow_gallery&quot;:[],&quot;background_slideshow_loop&quot;:&quot;yes&quot;,&quot;background_slideshow_slide_duration&quot;:5000,&quot;background_slideshow_slide_transition&quot;:&quot;fade&quot;,&quot;background_slideshow_transition_duration&quot;:500}\">\n\t\t\t<div class=\"elementor-widget-wrap elementor-element-populated\">\n\t\t\t\t\t\t<div class=\"elementor-element elementor-element-777ae58c elementor-invisible elementor-widget elementor-widget-heading\" data-id=\"777ae58c\" data-element_type=\"widget\" data-e-type=\"widget\" data-settings=\"{&quot;_animation&quot;:&quot;fadeInLeft&quot;}\" data-widget_type=\"heading.default\">\n\t\t\t\t<div class=\"elementor-widget-container\">\n\t\t\t\t\t<h1 class=\"elementor-heading-title elementor-size-default\"><b>La nostra storia<\/b><\/h1>\t\t\t\t<\/div>\n\t\t\t\t<\/div>\n\t\t\t\t<div class=\"elementor-element elementor-element-36182e24 elementor-invisible elementor-widget elementor-widget-text-editor\" data-id=\"36182e24\" data-element_type=\"widget\" data-e-type=\"widget\" data-settings=\"{&quot;_animation&quot;:&quot;fadeInLeft&quot;,&quot;_animation_delay&quot;:200}\" data-widget_type=\"text-editor.default\">\n\t\t\t\t<div class=\"elementor-widget-container\">\n\t\t\t\t\t\t\t\t\t<p><strong>Semplice<\/strong><\/p>\t\t\t\t\t\t\t\t<\/div>\n\t\t\t\t<\/div>\n\t\t\t\t<div class=\"elementor-element elementor-element-4e4db4c8 elementor-invisible elementor-widget elementor-widget-text-editor\" data-id=\"4e4db4c8\" data-element_type=\"widget\" data-e-type=\"widget\" data-settings=\"{&quot;_animation&quot;:&quot;fadeInLeft&quot;,&quot;_animation_delay&quot;:400}\" data-widget_type=\"text-editor.default\">\n\t\t\t\t<div class=\"elementor-widget-container\">\n\t\t\t\t\t\t\t\t\t<p><strong>Semplice<\/strong><\/p>\t\t\t\t\t\t\t\t<\/div>\n\t\t\t\t<\/div>\n\t\t\t\t<div class=\"elementor-element elementor-element-7b0c7306 elementor-invisible elementor-widget elementor-widget-text-editor\" data-id=\"7b0c7306\" data-element_type=\"widget\" data-e-type=\"widget\" data-settings=\"{&quot;_animation&quot;:&quot;fadeInLeft&quot;,&quot;_animation_delay&quot;:600}\" data-widget_type=\"text-editor.default\">\n\t\t\t\t<div class=\"elementor-widget-container\">\n\t\t\t\t\t\t\t\t\t<p><span style=\"color: #ffffff;\">DocVita<\/span><\/p>\t\t\t\t\t\t\t\t<\/div>\n\t\t\t\t<\/div>\n\t\t\t\t<div class=\"elementor-element elementor-element-c43e836 elementor-widget__width-initial elementor-invisible elementor-widget elementor-widget-button\" data-id=\"c43e836\" data-element_type=\"widget\" data-e-type=\"widget\" data-settings=\"{&quot;_animation&quot;:&quot;fadeInLeft&quot;,&quot;_animation_delay&quot;:1500}\" data-widget_type=\"button.default\">\n\t\t\t\t<div class=\"elementor-widget-container\">\n\t\t\t\t\t\t\t\t\t<div class=\"elementor-button-wrapper\">\n\t\t\t\t\t<a class=\"elementor-button elementor-button-link elementor-size-sm\" href=\"https:\/\/mydocvita.lu\/registrierung\/\">\n\t\t\t\t\t\t<span class=\"elementor-button-content-wrapper\">\n\t\t\t\t\t\t\t\t\t<span class=\"elementor-button-text\">UNISCITI SUBITO<\/span>\n\t\t\t\t\t<\/span>\n\t\t\t\t\t<\/a>\n\t\t\t\t<\/div>\n\t\t\t\t\t\t\t\t<\/div>\n\t\t\t\t<\/div>\n\t\t\t\t\t<\/div>\n\t\t<\/div>\n\t\t\t\t\t<\/div>\n\t\t<\/section>\n\t\t\t\t<section class=\"elementor-section elementor-top-section elementor-element elementor-element-22390945 elementor-section-full_width elementor-section-height-min-height elementor-section-height-default elementor-section-items-middle\" data-id=\"22390945\" data-element_type=\"section\" data-e-type=\"section\" data-settings=\"{&quot;background_background&quot;:&quot;classic&quot;}\">\n\t\t\t\t\t\t<div class=\"elementor-container elementor-column-gap-default\">\n\t\t\t\t\t<div class=\"elementor-column elementor-col-100 elementor-top-column elementor-element elementor-element-78be83b0\" data-id=\"78be83b0\" data-element_type=\"column\" data-e-type=\"column\">\n\t\t\t<div class=\"elementor-widget-wrap elementor-element-populated\">\n\t\t\t\t\t\t<div class=\"elementor-element elementor-element-c01f7db elementor-widget elementor-widget-text-editor\" data-id=\"c01f7db\" data-element_type=\"widget\" data-e-type=\"widget\" data-widget_type=\"text-editor.default\">\n\t\t\t\t<div class=\"elementor-widget-container\">\n\t\t\t\t\t\t\t\t\t<h1><span style=\"color: #878786;\"><br>Inizia con DocVita!<\/span><\/h1><h2><span style=\"color: #878786;\">Realizza i tuoi sogni!<\/span><\/h2><p><span style=\"color: #878786;\">Vorresti vivere il tuo sogno di avere un&#8217;attivit\u00e0 in proprio? Flessibilit\u00e0, libert\u00e0 e orari di lavoro flessibili sono importanti per te? <\/span><\/p><p><span style=\"color: #878786;\">Allora scrivi subito la tua storia di successo con DocVita! DocVita offre cosmetici naturali e integratori alimentari di alta qualit\u00e0, certificati biologici. La nostra filosofia \u00e8 il benessere dei nostri clienti e, inoltre, vogliamo proteggere l&#8217;ambiente. Ti identifichi con questi valori? Allora sei nel posto giusto. Insieme a noi puoi raggiungere i tuoi obiettivi.     <\/span><\/p><p><span style=\"color: #878786;\"> Diventa un volto di DocVita e porta i nostri obiettivi nel mondo. Sii la persona che fa la differenza per gli altri. E tutto questo con orari di lavoro flessibili, indipendentemente dal luogo e con una retribuzione equa. Puoi iniziare idealmente con DocVita come attivit\u00e0 secondaria. Offriamo possibilit\u00e0 di guadagno illimitate.    <\/span><\/p><p><span style=\"color: #878786;\">Rappresenta i nostri valori e, parallelamente, ottieni pi\u00f9 tempo, pi\u00f9 denaro, pi\u00f9 libert\u00e0 e una migliore qualit\u00e0 di vita.<\/span><\/p><p><span style=\"color: #878786;\">Abbiamo suscitato il tuo interesse? Allora contattaci e scopri di pi\u00f9:   <\/span><\/p><p><span style=\"color: #878786;\">Contatto: <a href=\"mailto:info@docvita.lu\">info@docvita.lu<\/a><\/span><\/p><p style=\"font-size: 15px; font-style: normal; font-weight: 400; color: #7a7a7a;\"> <\/p>\t\t\t\t\t\t\t\t<\/div>\n\t\t\t\t<\/div>\n\t\t\t\t\t<\/div>\n\t\t<\/div>\n\t\t\t\t\t<\/div>\n\t\t<\/section>\n\t\t\t\t<section class=\"elementor-section elementor-top-section elementor-element elementor-element-7119586 elementor-section-full_width elementor-section-height-min-height elementor-section-height-default elementor-section-items-middle\" data-id=\"7119586\" data-element_type=\"section\" data-e-type=\"section\" data-settings=\"{&quot;background_background&quot;:&quot;classic&quot;}\">\n\t\t\t\t\t\t\t<div class=\"elementor-background-overlay\"><\/div>\n\t\t\t\t\t\t\t<div class=\"elementor-container elementor-column-gap-default\">\n\t\t\t\t\t<div class=\"elementor-column elementor-col-100 elementor-top-column elementor-element elementor-element-1f2a7f7f\" data-id=\"1f2a7f7f\" data-element_type=\"column\" data-e-type=\"column\">\n\t\t\t<div class=\"elementor-widget-wrap\">\n\t\t\t\t\t\t\t<\/div>\n\t\t<\/div>\n\t\t\t\t\t<\/div>\n\t\t<\/section>\n\t\t\t\t<section class=\"elementor-section elementor-top-section elementor-element elementor-element-22179dfb elementor-section-full_width elementor-section-height-min-height elementor-section-height-default elementor-section-items-middle\" data-id=\"22179dfb\" data-element_type=\"section\" data-e-type=\"section\" data-settings=\"{&quot;background_background&quot;:&quot;classic&quot;}\">\n\t\t\t\t\t\t<div class=\"elementor-container elementor-column-gap-default\">\n\t\t\t\t\t<div class=\"elementor-column elementor-col-100 elementor-top-column elementor-element elementor-element-2e5351b0\" data-id=\"2e5351b0\" data-element_type=\"column\" data-e-type=\"column\">\n\t\t\t<div class=\"elementor-widget-wrap elementor-element-populated\">\n\t\t\t\t\t\t<div class=\"elementor-element elementor-element-35b9a19e elementor-widget elementor-widget-text-editor\" data-id=\"35b9a19e\" data-element_type=\"widget\" data-e-type=\"widget\" data-widget_type=\"text-editor.default\">\n\t\t\t\t<div class=\"elementor-widget-container\">\n\t\t\t\t\t\t\t\t\t<p style=\"text-align: center;\">DocVita offre integratori alimentari di alta qualit\u00e0 e cosmetici naturali per fare del bene al corpo, sia all&#8217;interno che all&#8217;esterno.<\/p><p>Anni di lavoro di sviluppo e molta passione sono stati dedicati ai nostri prodotti. Per garantire il massimo beneficio per la salute e il benessere dei nostri clienti, tutti i componenti e la loro composizione sono stati pensati fin nei minimi dettagli. Forniamo il 100% BIO senza se e senza ma.   <br>Inoltre, l&#8217;ambiente ci sta a cuore, per questo rinunciamo a imballaggi esterni aggiuntivi per i nostri prodotti.<\/p><p><strong>Qualit\u00e0 elevata da DocVita<\/strong><br>Utilizziamo solo ingredienti di alta qualit\u00e0, che vengono assorbiti molto bene dal tuo corpo grazie alla loro elevata biodisponibilit\u00e0. <br>Inoltre, prestiamo attenzione a una produzione socialmente e ambientalmente sostenibile dei nostri ingredienti.<br>La base dei nostri prodotti \u00e8 il fungo Fomes fomentarius, che fin dall&#8217;et\u00e0 della pietra \u00e8 stato utilizzato nella naturopatia.<br>I suoi ingredienti lo rendono prezioso per i cosmetici naturali e gli integratori alimentari.<\/p><p>Hai ancora domande sui nostri prodotti o desideri informazioni sulla nostra offerta? <br>Allora contattaci e saremo lieti di rispondere alle tue domande. <br><span style=\"font-size: 18px; font-family: var( --e-global-typography-text-font-family ); letter-spacing: 0px;\">Contatto: <\/span><a style=\"font-size: 18px; font-family: var( --e-global-typography-text-font-family ); letter-spacing: 0px; background-color: #ffffff;\" href=\"mailto:info@docvita.lu\">info@docvita.lu<\/a><\/p>\t\t\t\t\t\t\t\t<\/div>\n\t\t\t\t<\/div>\n\t\t\t\t\t<\/div>\n\t\t<\/div>\n\t\t\t\t\t<\/div>\n\t\t<\/section>\n\t\t\t\t<section class=\"elementor-section elementor-top-section elementor-element elementor-element-7a8fc0c8 elementor-section-full_width elementor-section-height-min-height elementor-section-height-default elementor-section-items-middle\" data-id=\"7a8fc0c8\" data-element_type=\"section\" data-e-type=\"section\" data-settings=\"{&quot;background_background&quot;:&quot;classic&quot;}\">\n\t\t\t\t\t\t\t<div class=\"elementor-background-overlay\"><\/div>\n\t\t\t\t\t\t\t<div class=\"elementor-container elementor-column-gap-default\">\n\t\t\t\t\t<div class=\"elementor-column elementor-col-100 elementor-top-column elementor-element elementor-element-716ba48\" data-id=\"716ba48\" data-element_type=\"column\" data-e-type=\"column\">\n\t\t\t<div class=\"elementor-widget-wrap\">\n\t\t\t\t\t\t\t<\/div>\n\t\t<\/div>\n\t\t\t\t\t<\/div>\n\t\t<\/section>\n\t\t\t\t<\/div>\n\t\t","protected":false},"excerpt":{"rendered":"<p>La nostra storia Semplice Semplice DocVita UNISCITI SUBITO Inizia con DocVita! Realizza i tuoi sogni! Vorresti vivere il tuo sogno [&hellip;]<\/p>\n","protected":false},"author":1,"featured_media":0,"parent":0,"menu_order":0,"comment_status":"closed","ping_status":"closed","template":"","meta":{"site-sidebar-layout":"no-sidebar","site-content-layout":"","ast-site-content-layout":"full-width-container","site-content-style":"default","site-sidebar-style":"default","ast-global-header-display":"","ast-banner-title-visibility":"","ast-main-header-display":"","ast-hfb-above-header-display":"","ast-hfb-below-header-display":"","ast-hfb-mobile-header-display":"","site-post-title":"disabled","ast-breadcrumbs-content":"","ast-featured-img":"disabled","footer-sml-layout":"","ast-disable-related-posts":"","theme-transparent-header-meta":"","adv-header-id-meta":"","stick-header-meta":"","header-above-stick-meta":"","header-main-stick-meta":"","header-below-stick-meta":"","astra-migrate-meta-layouts":"default","ast-page-background-enabled":"default","ast-page-background-meta":{"desktop":{"background-color":"var(--ast-global-color-4)","background-image":"","background-repeat":"repeat","background-position":"center center","background-size":"auto","background-attachment":"scroll","background-type":"","background-media":"","overlay-type":"","overlay-color":"","overlay-opacity":"","overlay-gradient":""},"tablet":{"background-color":"","background-image":"","background-repeat":"repeat","background-position":"center center","background-size":"auto","background-attachment":"scroll","background-type":"","background-media":"","overlay-type":"","overlay-color":"","overlay-opacity":"","overlay-gradient":""},"mobile":{"background-color":"","background-image":"","background-repeat":"repeat","background-position":"center center","background-size":"auto","background-attachment":"scroll","background-type":"","background-media":"","overlay-type":"","overlay-color":"","overlay-opacity":"","overlay-gradient":""}},"ast-content-background-meta":{"desktop":{"background-color":"var(--ast-global-color-5)","background-image":"","background-repeat":"repeat","background-position":"center center","background-size":"auto","background-attachment":"scroll","background-type":"","background-media":"","overlay-type":"","overlay-color":"","overlay-opacity":"","overlay-gradient":""},"tablet":{"background-color":"var(--ast-global-color-5)","background-image":"","background-repeat":"repeat","background-position":"center center","background-size":"auto","background-attachment":"scroll","background-type":"","background-media":"","overlay-type":"","overlay-color":"","overlay-opacity":"","overlay-gradient":""},"mobile":{"background-color":"var(--ast-global-color-5)","background-image":"","background-repeat":"repeat","background-position":"center center","background-size":"auto","background-attachment":"scroll","background-type":"","background-media":"","overlay-type":"","overlay-color":"","overlay-opacity":"","overlay-gradient":""}},"footnotes":""},"class_list":["post-7631","page","type-page","status-publish","hentry"],"_links":{"self":[{"href":"https:\/\/mydocvita.lu\/it\/wp-json\/wp\/v2\/pages\/7631","targetHints":{"allow":["GET"]}}],"collection":[{"href":"https:\/\/mydocvita.lu\/it\/wp-json\/wp\/v2\/pages"}],"about":[{"href":"https:\/\/mydocvita.lu\/it\/wp-json\/wp\/v2\/types\/page"}],"author":[{"embeddable":true,"href":"https:\/\/mydocvita.lu\/it\/wp-json\/wp\/v2\/users\/1"}],"replies":[{"embeddable":true,"href":"https:\/\/mydocvita.lu\/it\/wp-json\/wp\/v2\/comments?post=7631"}],"version-history":[{"count":1,"href":"https:\/\/mydocvita.lu\/it\/wp-json\/wp\/v2\/pages\/7631\/revisions"}],"predecessor-version":[{"id":7632,"href":"https:\/\/mydocvita.lu\/it\/wp-json\/wp\/v2\/pages\/7631\/revisions\/7632"}],"wp:attachment":[{"href":"https:\/\/mydocvita.lu\/it\/wp-json\/wp\/v2\/media?parent=7631"}],"curies":[{"name":"wp","href":"https:\/\/api.w.org\/{rel}","templated":true}]}}